{"id":3835526,"date":"2026-03-23T23:59:48","date_gmt":"2026-03-23T22:59:48","guid":{"rendered":"https:\/\/streetmarkets.fr\/app\/produit\/mug-im-a-fucking-millenial\/"},"modified":"2026-05-12T00:59:48","modified_gmt":"2026-05-11T22:59:48","slug":"mug-im-a-fucking-millenial","status":"publish","type":"product","link":"https:\/\/streetmarkets.fr\/app\/produit\/mug-im-a-fucking-millenial\/","title":{"rendered":"Mug I&#8217;m a Fucking Millenial"},"content":{"rendered":"<p><span>On l&#8217;a trouv\u00e9 le cadeau parfait pour l&#8217;anniv de Julie ou le Secret Santa du boulot !<\/span><br \/><span>Attention, ce cadeau est r\u00e9serv\u00e9 exclusivement \u00e0 ceux qui ont de l&#8217;humour :<\/span><br \/><span>adepte du 1er degr\u00e9 s&#8217;abstenir.<\/span><\/p>\n","protected":false},"excerpt":{"rendered":"<p>On l&#8217;a trouv\u00e9 le cadeau parfait pour l&#8217;anniv de Julie ou le Secret Santa du boulot !Attention, ce cadeau est r\u00e9serv\u00e9 exclusivement \u00e0 ceux qui ont de l&#8217;humour :adepte du 1er degr\u00e9 s&#8217;abstenir.<\/p>\n","protected":false},"featured_media":3835527,"comment_status":"open","ping_status":"closed","template":"","meta":[],"product_brand":[],"product_cat":[],"product_tag":[],"acf":[],"_links":{"self":[{"href":"https:\/\/streetmarkets.fr\/app\/wp-json\/wp\/v2\/product\/3835526"}],"collection":[{"href":"https:\/\/streetmarkets.fr\/app\/wp-json\/wp\/v2\/product"}],"about":[{"href":"https:\/\/streetmarkets.fr\/app\/wp-json\/wp\/v2\/types\/product"}],"replies":[{"embeddable":true,"href":"https:\/\/streetmarkets.fr\/app\/wp-json\/wp\/v2\/comments?post=3835526"}],"wp:featuredmedia":[{"embeddable":true,"href":"https:\/\/streetmarkets.fr\/app\/wp-json\/wp\/v2\/media\/3835527"}],"wp:attachment":[{"href":"https:\/\/streetmarkets.fr\/app\/wp-json\/wp\/v2\/media?parent=3835526"}],"wp:term":[{"taxonomy":"product_brand","embeddable":true,"href":"https:\/\/streetmarkets.fr\/app\/wp-json\/wp\/v2\/product_brand?post=3835526"},{"taxonomy":"product_cat","embeddable":true,"href":"https:\/\/streetmarkets.fr\/app\/wp-json\/wp\/v2\/product_cat?post=3835526"},{"taxonomy":"product_tag","embeddable":true,"href":"https:\/\/streetmarkets.fr\/app\/wp-json\/wp\/v2\/product_tag?post=3835526"}],"curies":[{"name":"wp","href":"https:\/\/api.w.org\/{rel}","templated":true}]}}