{"id":3835494,"date":"2026-03-23T23:59:36","date_gmt":"2026-03-23T22:59:36","guid":{"rendered":"https:\/\/streetmarkets.fr\/app\/produit\/lampe-led\/"},"modified":"2026-05-10T00:59:41","modified_gmt":"2026-05-09T22:59:41","slug":"lampe-led","status":"publish","type":"product","link":"https:\/\/streetmarkets.fr\/app\/produit\/lampe-led\/","title":{"rendered":"Lampe Led"},"content":{"rendered":"<p><span>On a d\u00e9nich\u00e9 une jolie lampe en forme d\u2019ampoule, couleur turquoise, qui se pose et se suspend partout.<\/span><br \/><span>En effet, elle n\u2019a pas besoin d\u2019\u00eatre \u00e0 proximit\u00e9 d\u2019une prise puisqu\u2019elle fonctionne avec des piles.<\/span><br \/><span>Utile autant que d\u00e9corative, elle cr\u00e9e illico, une atmosph\u00e8re chaleureuse et d\u00e9tendue.<\/span><br \/><span>Totalement nomade, on peut choisir de la placer tant\u00f4t dans le salon, tant\u00f4t dans l\u2019entr\u00e9e mais elle peut aussi faire office de veilleuse dans une chambre d\u2019enfant.<\/span><\/p>\n","protected":false},"excerpt":{"rendered":"<p>On a d\u00e9nich\u00e9 une jolie lampe en forme d\u2019ampoule, couleur turquoise, qui se pose et se suspend partout.En effet, elle n\u2019a pas besoin d\u2019\u00eatre \u00e0 proximit\u00e9 d\u2019une prise puisqu\u2019elle fonctionne avec des piles.Utile autant que d\u00e9corative, elle cr\u00e9e illico, une atmosph\u00e8re chaleureuse et d\u00e9tendue.Totalement nomade, on peut choisir de la placer tant\u00f4t dans le salon, [&hellip;]<\/p>\n","protected":false},"featured_media":3835495,"comment_status":"open","ping_status":"closed","template":"","meta":[],"product_brand":[],"product_cat":[],"product_tag":[],"acf":[],"_links":{"self":[{"href":"https:\/\/streetmarkets.fr\/app\/wp-json\/wp\/v2\/product\/3835494"}],"collection":[{"href":"https:\/\/streetmarkets.fr\/app\/wp-json\/wp\/v2\/product"}],"about":[{"href":"https:\/\/streetmarkets.fr\/app\/wp-json\/wp\/v2\/types\/product"}],"replies":[{"embeddable":true,"href":"https:\/\/streetmarkets.fr\/app\/wp-json\/wp\/v2\/comments?post=3835494"}],"wp:featuredmedia":[{"embeddable":true,"href":"https:\/\/streetmarkets.fr\/app\/wp-json\/wp\/v2\/media\/3835495"}],"wp:attachment":[{"href":"https:\/\/streetmarkets.fr\/app\/wp-json\/wp\/v2\/media?parent=3835494"}],"wp:term":[{"taxonomy":"product_brand","embeddable":true,"href":"https:\/\/streetmarkets.fr\/app\/wp-json\/wp\/v2\/product_brand?post=3835494"},{"taxonomy":"product_cat","embeddable":true,"href":"https:\/\/streetmarkets.fr\/app\/wp-json\/wp\/v2\/product_cat?post=3835494"},{"taxonomy":"product_tag","embeddable":true,"href":"https:\/\/streetmarkets.fr\/app\/wp-json\/wp\/v2\/product_tag?post=3835494"}],"curies":[{"name":"wp","href":"https:\/\/api.w.org\/{rel}","templated":true}]}}