{"id":3835483,"date":"2026-03-23T23:59:36","date_gmt":"2026-03-23T22:59:36","guid":{"rendered":"https:\/\/streetmarkets.fr\/app\/produit\/coffret-diy-bougie\/"},"modified":"2026-05-17T00:59:45","modified_gmt":"2026-05-16T22:59:45","slug":"coffret-diy-bougie","status":"publish","type":"product","link":"https:\/\/streetmarkets.fr\/app\/produit\/coffret-diy-bougie\/","title":{"rendered":"Coffret DIY bougie"},"content":{"rendered":"<p>Cr\u00e9er nos propres bougies, c\u2019est facile et fun avec ce kit DIY !<br \/><span style=\"font-family: -apple-system, BlinkMacSystemFont, 'San Francisco', 'Segoe UI', Roboto, 'Helvetica Neue', sans-serif;font-size: 0.875rem\">Envie de se lancer dans la cr\u00e9ation de bougies sans prise de t\u00eate ? <br \/>Ce <\/span><span style=\"font-family: -apple-system, BlinkMacSystemFont, 'San Francisco', 'Segoe UI', Roboto, 'Helvetica Neue', sans-serif;font-size: 0.875rem\">kit DIY<\/span><span style=\"font-family: -apple-system, BlinkMacSystemFont, 'San Francisco', 'Segoe UI', Roboto, 'Helvetica Neue', sans-serif;font-size: 0.875rem\"> est parfait pour une initiation en douceur ! Pas besoin de chauffer la cire, tout se fait \u00e0 froid, pratique et s\u00e9curis\u00e9.<\/span><\/p>\n<p>Le coffret contient une tasse ancienne pleine de charme, d\u00e9nich\u00e9e lors d\u2019un achat solidaire, et de la cire vegan neutre, sans parfum, pour laisser libre cours \u00e0 notre cr\u00e9ativit\u00e9. Bonus ? La tasse et la sous-tasse qui accompagnent le kit sont uniques et peuvent varier, pour une petite surprise \u00e0 chaque fois.<\/p>\n<p>Pr\u00eat\u00b7e \u00e0 illuminer nos soir\u00e9es avec nos propres cr\u00e9ations ?<\/p>\n","protected":false},"excerpt":{"rendered":"<p>Cr\u00e9er nos propres bougies, c\u2019est facile et fun avec ce kit DIY !Envie de se lancer dans la cr\u00e9ation de bougies sans prise de t\u00eate ? Ce kit DIY est parfait pour une initiation en douceur ! Pas besoin de chauffer la cire, tout se fait \u00e0 froid, pratique et s\u00e9curis\u00e9. Le coffret contient une [&hellip;]<\/p>\n","protected":false},"featured_media":3835484,"comment_status":"open","ping_status":"closed","template":"","meta":[],"product_brand":[],"product_cat":[],"product_tag":[],"acf":[],"_links":{"self":[{"href":"https:\/\/streetmarkets.fr\/app\/wp-json\/wp\/v2\/product\/3835483"}],"collection":[{"href":"https:\/\/streetmarkets.fr\/app\/wp-json\/wp\/v2\/product"}],"about":[{"href":"https:\/\/streetmarkets.fr\/app\/wp-json\/wp\/v2\/types\/product"}],"replies":[{"embeddable":true,"href":"https:\/\/streetmarkets.fr\/app\/wp-json\/wp\/v2\/comments?post=3835483"}],"wp:featuredmedia":[{"embeddable":true,"href":"https:\/\/streetmarkets.fr\/app\/wp-json\/wp\/v2\/media\/3835484"}],"wp:attachment":[{"href":"https:\/\/streetmarkets.fr\/app\/wp-json\/wp\/v2\/media?parent=3835483"}],"wp:term":[{"taxonomy":"product_brand","embeddable":true,"href":"https:\/\/streetmarkets.fr\/app\/wp-json\/wp\/v2\/product_brand?post=3835483"},{"taxonomy":"product_cat","embeddable":true,"href":"https:\/\/streetmarkets.fr\/app\/wp-json\/wp\/v2\/product_cat?post=3835483"},{"taxonomy":"product_tag","embeddable":true,"href":"https:\/\/streetmarkets.fr\/app\/wp-json\/wp\/v2\/product_tag?post=3835483"}],"curies":[{"name":"wp","href":"https:\/\/api.w.org\/{rel}","templated":true}]}}