{"id":3835473,"date":"2026-03-23T23:59:35","date_gmt":"2026-03-23T22:59:35","guid":{"rendered":"https:\/\/streetmarkets.fr\/app\/produit\/set-3-pots-epices\/"},"modified":"2026-05-10T00:59:32","modified_gmt":"2026-05-09T22:59:32","slug":"set-3-pots-epices","status":"publish","type":"product","link":"https:\/\/streetmarkets.fr\/app\/produit\/set-3-pots-epices\/","title":{"rendered":"Set 3 Pots \u00c9pices"},"content":{"rendered":"<p><span>Chaque pot est en porcelaine blanche, arborant une forme rectangulaire facett\u00e9 qui leur conf\u00e8re un allure \u00e0 la fois classique et raffin\u00e9e.<\/span><br \/><span>Les c\u00f4t\u00e9s sont orn\u00e9s de colonnes de fleurs anciennes, ajoutant une touche d\u00e9licate et nostalgique.<\/span><br \/><span>Le plus grand pot, destin\u00e9 \u00e0 la farine, pr\u00e9sente un motif central de fleur au style ancien avec l\u2019inscription \u201cFarine\u201d en dessous.<\/span><br \/><span>Le pot moyen id\u00e9al pour le th\u00e9, tisane et infusion partage le m\u00eame design \u00e9l\u00e9gant.<\/span><br \/><span>Le plus petit pot, est quant \u00e0 lui con\u00e7u pour le poivre.<\/span><br \/><span>Ces pots sont non seulement pratiques pour le rangement, mais aussi de v\u00e9ritables objets de d\u00e9coration qui sublimeront votre espace culinaire.<\/span><\/p>\n","protected":false},"excerpt":{"rendered":"<p>Chaque pot est en porcelaine blanche, arborant une forme rectangulaire facett\u00e9 qui leur conf\u00e8re un allure \u00e0 la fois classique et raffin\u00e9e.Les c\u00f4t\u00e9s sont orn\u00e9s de colonnes de fleurs anciennes, ajoutant une touche d\u00e9licate et nostalgique.Le plus grand pot, destin\u00e9 \u00e0 la farine, pr\u00e9sente un motif central de fleur au style ancien avec l\u2019inscription \u201cFarine\u201d [&hellip;]<\/p>\n","protected":false},"featured_media":3835474,"comment_status":"open","ping_status":"closed","template":"","meta":[],"product_brand":[],"product_cat":[],"product_tag":[],"acf":[],"_links":{"self":[{"href":"https:\/\/streetmarkets.fr\/app\/wp-json\/wp\/v2\/product\/3835473"}],"collection":[{"href":"https:\/\/streetmarkets.fr\/app\/wp-json\/wp\/v2\/product"}],"about":[{"href":"https:\/\/streetmarkets.fr\/app\/wp-json\/wp\/v2\/types\/product"}],"replies":[{"embeddable":true,"href":"https:\/\/streetmarkets.fr\/app\/wp-json\/wp\/v2\/comments?post=3835473"}],"wp:featuredmedia":[{"embeddable":true,"href":"https:\/\/streetmarkets.fr\/app\/wp-json\/wp\/v2\/media\/3835474"}],"wp:attachment":[{"href":"https:\/\/streetmarkets.fr\/app\/wp-json\/wp\/v2\/media?parent=3835473"}],"wp:term":[{"taxonomy":"product_brand","embeddable":true,"href":"https:\/\/streetmarkets.fr\/app\/wp-json\/wp\/v2\/product_brand?post=3835473"},{"taxonomy":"product_cat","embeddable":true,"href":"https:\/\/streetmarkets.fr\/app\/wp-json\/wp\/v2\/product_cat?post=3835473"},{"taxonomy":"product_tag","embeddable":true,"href":"https:\/\/streetmarkets.fr\/app\/wp-json\/wp\/v2\/product_tag?post=3835473"}],"curies":[{"name":"wp","href":"https:\/\/api.w.org\/{rel}","templated":true}]}}