{"id":3835467,"date":"2026-03-23T23:59:35","date_gmt":"2026-03-23T22:59:35","guid":{"rendered":"https:\/\/streetmarkets.fr\/app\/produit\/bol-saladier-terre-2\/"},"modified":"2026-05-05T00:59:50","modified_gmt":"2026-05-04T22:59:50","slug":"bol-saladier-terre-2","status":"publish","type":"product","link":"https:\/\/streetmarkets.fr\/app\/produit\/bol-saladier-terre-2\/","title":{"rendered":"Bol Saladier Terre 2"},"content":{"rendered":"<p>Un joli saladier, c\u2019est le meilleur moyen d\u2019agr\u00e9ment\u00e9 notre d\u00e9co de table.<br \/>Alors pour tous les amoureux des arts de la table, nous sommes servis !<br \/>On a eu un coup de c\u0153ur pour ce beau bol\/saladier en terre cuite, peint \u00e0 la main.<br \/>Ce grand bol de 16 cm de diam\u00e8tre se lave facilement \u00e0 la main.<\/p>\n","protected":false},"excerpt":{"rendered":"<p>Un joli saladier, c\u2019est le meilleur moyen d\u2019agr\u00e9ment\u00e9 notre d\u00e9co de table.Alors pour tous les amoureux des arts de la table, nous sommes servis !On a eu un coup de c\u0153ur pour ce beau bol\/saladier en terre cuite, peint \u00e0 la main.Ce grand bol de 16 cm de diam\u00e8tre se lave facilement \u00e0 la main.<\/p>\n","protected":false},"featured_media":3835468,"comment_status":"open","ping_status":"closed","template":"","meta":[],"product_brand":[],"product_cat":[],"product_tag":[],"acf":[],"_links":{"self":[{"href":"https:\/\/streetmarkets.fr\/app\/wp-json\/wp\/v2\/product\/3835467"}],"collection":[{"href":"https:\/\/streetmarkets.fr\/app\/wp-json\/wp\/v2\/product"}],"about":[{"href":"https:\/\/streetmarkets.fr\/app\/wp-json\/wp\/v2\/types\/product"}],"replies":[{"embeddable":true,"href":"https:\/\/streetmarkets.fr\/app\/wp-json\/wp\/v2\/comments?post=3835467"}],"wp:featuredmedia":[{"embeddable":true,"href":"https:\/\/streetmarkets.fr\/app\/wp-json\/wp\/v2\/media\/3835468"}],"wp:attachment":[{"href":"https:\/\/streetmarkets.fr\/app\/wp-json\/wp\/v2\/media?parent=3835467"}],"wp:term":[{"taxonomy":"product_brand","embeddable":true,"href":"https:\/\/streetmarkets.fr\/app\/wp-json\/wp\/v2\/product_brand?post=3835467"},{"taxonomy":"product_cat","embeddable":true,"href":"https:\/\/streetmarkets.fr\/app\/wp-json\/wp\/v2\/product_cat?post=3835467"},{"taxonomy":"product_tag","embeddable":true,"href":"https:\/\/streetmarkets.fr\/app\/wp-json\/wp\/v2\/product_tag?post=3835467"}],"curies":[{"name":"wp","href":"https:\/\/api.w.org\/{rel}","templated":true}]}}