{"id":3835436,"date":"2026-03-23T23:59:33","date_gmt":"2026-03-23T22:59:33","guid":{"rendered":"https:\/\/streetmarkets.fr\/app\/produit\/affiche-linfluenceur\/"},"modified":"2026-05-17T00:59:36","modified_gmt":"2026-05-16T22:59:36","slug":"affiche-linfluenceur","status":"publish","type":"product","link":"https:\/\/streetmarkets.fr\/app\/produit\/affiche-linfluenceur\/","title":{"rendered":"Affiche L&#8217;Influenceur"},"content":{"rendered":"<p>On adore cette affiche color\u00e9e pleine d&#8217;humour !<br \/>Contrairement aux repr\u00e9sentations traditionnelles, J\u00e9sus appara\u00eet ici avec un message inattendu : abonnez-vous \u00e0 ma cha\u00eene youtube.<br \/>Ce qui rend cette affiche unique, c&#8217;est l&#8217;opposition entre les couleurs classiques utilis\u00e9es pour repr\u00e9senter la figure de J\u00e9sus, et la couleur fluo utilis\u00e9e pour le c\u00f4t\u00e9 moderne.<\/p>\n","protected":false},"excerpt":{"rendered":"<p>On adore cette affiche color\u00e9e pleine d&#8217;humour !Contrairement aux repr\u00e9sentations traditionnelles, J\u00e9sus appara\u00eet ici avec un message inattendu : abonnez-vous \u00e0 ma cha\u00eene youtube.Ce qui rend cette affiche unique, c&#8217;est l&#8217;opposition entre les couleurs classiques utilis\u00e9es pour repr\u00e9senter la figure de J\u00e9sus, et la couleur fluo utilis\u00e9e pour le c\u00f4t\u00e9 moderne.<\/p>\n","protected":false},"featured_media":3835437,"comment_status":"open","ping_status":"closed","template":"","meta":[],"product_brand":[],"product_cat":[],"product_tag":[],"acf":[],"_links":{"self":[{"href":"https:\/\/streetmarkets.fr\/app\/wp-json\/wp\/v2\/product\/3835436"}],"collection":[{"href":"https:\/\/streetmarkets.fr\/app\/wp-json\/wp\/v2\/product"}],"about":[{"href":"https:\/\/streetmarkets.fr\/app\/wp-json\/wp\/v2\/types\/product"}],"replies":[{"embeddable":true,"href":"https:\/\/streetmarkets.fr\/app\/wp-json\/wp\/v2\/comments?post=3835436"}],"wp:featuredmedia":[{"embeddable":true,"href":"https:\/\/streetmarkets.fr\/app\/wp-json\/wp\/v2\/media\/3835437"}],"wp:attachment":[{"href":"https:\/\/streetmarkets.fr\/app\/wp-json\/wp\/v2\/media?parent=3835436"}],"wp:term":[{"taxonomy":"product_brand","embeddable":true,"href":"https:\/\/streetmarkets.fr\/app\/wp-json\/wp\/v2\/product_brand?post=3835436"},{"taxonomy":"product_cat","embeddable":true,"href":"https:\/\/streetmarkets.fr\/app\/wp-json\/wp\/v2\/product_cat?post=3835436"},{"taxonomy":"product_tag","embeddable":true,"href":"https:\/\/streetmarkets.fr\/app\/wp-json\/wp\/v2\/product_tag?post=3835436"}],"curies":[{"name":"wp","href":"https:\/\/api.w.org\/{rel}","templated":true}]}}