{"id":3835382,"date":"2026-03-23T07:52:38","date_gmt":"2026-03-23T06:52:38","guid":{"rendered":"https:\/\/streetmarkets.fr\/app\/produit\/robe-longue-en-chiffon-a-imprime-vert\/"},"modified":"2026-05-11T08:52:34","modified_gmt":"2026-05-11T06:52:34","slug":"robe-longue-en-chiffon-a-imprime-vert","status":"publish","type":"product","link":"https:\/\/streetmarkets.fr\/app\/produit\/robe-longue-en-chiffon-a-imprime-vert\/","title":{"rendered":"Robe longue en chiffon \u00e0 imprim\u00e9 &#8211; vert"},"content":{"rendered":"<p data-start=\"147\" data-end=\"489\">Une robe a\u00e9rienne et romantique, confectionn\u00e9e en chiffon l\u00e9ger qui danse avec le vent.<br data-start=\"702\" data-end=\"705\">Son imprim\u00e9, inspir\u00e9 des paysages des peintures chinoises traditionnelles, \u00e9voque la douceur brumeuse d\u2019un matin dans un jardin ancien.<br data-start=\"844\" data-end=\"847\">La coupe fluide et le volume g\u00e9n\u00e9reux accompagnent chaque mouvement avec gr\u00e2ce \u2014 une pi\u00e8ce d\u2019\u00e9vasion douce et intemporelle.<\/p>\n","protected":false},"excerpt":{"rendered":"<p>Une robe a\u00e9rienne et romantique, confectionn\u00e9e en chiffon l\u00e9ger qui danse avec le vent.Son imprim\u00e9, inspir\u00e9 des paysages des peintures chinoises traditionnelles, \u00e9voque la douceur brumeuse d\u2019un matin dans un jardin ancien.La coupe fluide et le volume g\u00e9n\u00e9reux accompagnent chaque mouvement avec gr\u00e2ce \u2014 une pi\u00e8ce d\u2019\u00e9vasion douce et intemporelle.<\/p>\n","protected":false},"featured_media":3835383,"comment_status":"open","ping_status":"closed","template":"","meta":[],"product_brand":[],"product_cat":[],"product_tag":[],"acf":[],"_links":{"self":[{"href":"https:\/\/streetmarkets.fr\/app\/wp-json\/wp\/v2\/product\/3835382"}],"collection":[{"href":"https:\/\/streetmarkets.fr\/app\/wp-json\/wp\/v2\/product"}],"about":[{"href":"https:\/\/streetmarkets.fr\/app\/wp-json\/wp\/v2\/types\/product"}],"replies":[{"embeddable":true,"href":"https:\/\/streetmarkets.fr\/app\/wp-json\/wp\/v2\/comments?post=3835382"}],"wp:featuredmedia":[{"embeddable":true,"href":"https:\/\/streetmarkets.fr\/app\/wp-json\/wp\/v2\/media\/3835383"}],"wp:attachment":[{"href":"https:\/\/streetmarkets.fr\/app\/wp-json\/wp\/v2\/media?parent=3835382"}],"wp:term":[{"taxonomy":"product_brand","embeddable":true,"href":"https:\/\/streetmarkets.fr\/app\/wp-json\/wp\/v2\/product_brand?post=3835382"},{"taxonomy":"product_cat","embeddable":true,"href":"https:\/\/streetmarkets.fr\/app\/wp-json\/wp\/v2\/product_cat?post=3835382"},{"taxonomy":"product_tag","embeddable":true,"href":"https:\/\/streetmarkets.fr\/app\/wp-json\/wp\/v2\/product_tag?post=3835382"}],"curies":[{"name":"wp","href":"https:\/\/api.w.org\/{rel}","templated":true}]}}