{"id":3824449,"date":"2026-03-22T00:59:58","date_gmt":"2026-03-21T23:59:58","guid":{"rendered":"https:\/\/streetmarkets.fr\/app\/produit\/engineered-garments-camp-shirt-dk-navy-cotton-broadcloth\/"},"modified":"2026-05-12T01:59:53","modified_gmt":"2026-05-11T23:59:53","slug":"engineered-garments-camp-shirt-dk-navy-cotton-broadcloth","status":"publish","type":"product","link":"https:\/\/streetmarkets.fr\/app\/produit\/engineered-garments-camp-shirt-dk-navy-cotton-broadcloth\/","title":{"rendered":"ENGINEERED GARMENTS CAMP Shirt Dk Navy Cotton Broadcloth"},"content":{"rendered":"<p><strong>Cr\u00e9ateur : <\/strong>Engineered Garnment, Made in NYC<\/p>\n<p><strong>R\u00e9alisation : <\/strong>Chemise camp en coton broadcloth<br \/>\nTissu l\u00e9ger, col ouvert, coupe d\u00e9contract\u00e9e<\/p>\n<p>100 % coton<\/p>\n<p>Code produit : 26S1A004<span class=\"Apple-converted-space\">\u00a0<\/span><\/p>\n<p><em><span class=\"Y2IQFc\" lang=\"en\">Cotton canvas camp shirt Lightweight fabric, open collar, relaxed fit<\/span><\/em><\/p>\n<p><em>100% cotton<\/em><\/p>\n","protected":false},"excerpt":{"rendered":"<p>Cr\u00e9ateur : Engineered Garnment, Made in NYC R\u00e9alisation : Chemise camp en coton broadcloth Tissu l\u00e9ger, col ouvert, coupe d\u00e9contract\u00e9e 100 % coton Code produit : 26S1A004\u00a0 Cotton canvas camp shirt Lightweight fabric, open collar, relaxed fit 100% cotton<\/p>\n","protected":false},"featured_media":3824450,"comment_status":"open","ping_status":"closed","template":"","meta":[],"product_brand":[],"product_cat":[],"product_tag":[],"acf":[],"_links":{"self":[{"href":"https:\/\/streetmarkets.fr\/app\/wp-json\/wp\/v2\/product\/3824449"}],"collection":[{"href":"https:\/\/streetmarkets.fr\/app\/wp-json\/wp\/v2\/product"}],"about":[{"href":"https:\/\/streetmarkets.fr\/app\/wp-json\/wp\/v2\/types\/product"}],"replies":[{"embeddable":true,"href":"https:\/\/streetmarkets.fr\/app\/wp-json\/wp\/v2\/comments?post=3824449"}],"wp:featuredmedia":[{"embeddable":true,"href":"https:\/\/streetmarkets.fr\/app\/wp-json\/wp\/v2\/media\/3824450"}],"wp:attachment":[{"href":"https:\/\/streetmarkets.fr\/app\/wp-json\/wp\/v2\/media?parent=3824449"}],"wp:term":[{"taxonomy":"product_brand","embeddable":true,"href":"https:\/\/streetmarkets.fr\/app\/wp-json\/wp\/v2\/product_brand?post=3824449"},{"taxonomy":"product_cat","embeddable":true,"href":"https:\/\/streetmarkets.fr\/app\/wp-json\/wp\/v2\/product_cat?post=3824449"},{"taxonomy":"product_tag","embeddable":true,"href":"https:\/\/streetmarkets.fr\/app\/wp-json\/wp\/v2\/product_tag?post=3824449"}],"curies":[{"name":"wp","href":"https:\/\/api.w.org\/{rel}","templated":true}]}}