{"id":3824227,"date":"2026-03-21T19:05:49","date_gmt":"2026-03-21T18:05:49","guid":{"rendered":"https:\/\/streetmarkets.fr\/app\/produit\/jean-chipie-vintage-38fr\/"},"modified":"2026-05-14T20:06:31","modified_gmt":"2026-05-14T18:06:31","slug":"jean-chipie-vintage-38fr","status":"publish","type":"product","link":"https:\/\/streetmarkets.fr\/app\/produit\/jean-chipie-vintage-38fr\/","title":{"rendered":"Jean Chipie vintage \u2022 38FR"},"content":{"rendered":"<p>Jean bleu clair Chipie vintage, coupe droite,<br \/>taille montante, fermeture \u00e9clair, cinq poches.<\/p>\n<p>Marque : Chipie<br \/>Composition : 100% coton<br \/>Ann\u00e9e : 1990<\/p>\n<p>Taille indiqu\u00e9: 33<br \/>Taille estim\u00e9e : 38\/40FR<br \/>Taille (cm) : 38<br \/>Longueur ext\u00e9rieure (cm) : 112<\/p>\n<p>\u00c9tat : tr\u00e8s bon. Belle patine du temps.<br \/>Merci de noter que les v\u00eatements ne sont pas neufs et qu\u2019ils peuvent porter l&#8217;usure d&#8217;une pi\u00e8ce de seconde main.<\/p>\n<p>Pour plus d&#8217;informations :<span>\u00a0<\/span><a href=\"https:\/\/uniselection.fr\/pages\/contactez-nous\">contactez-nous<\/a>.<\/p>\n","protected":false},"excerpt":{"rendered":"<p>Jean bleu clair Chipie vintage, coupe droite,taille montante, fermeture \u00e9clair, cinq poches. Marque : ChipieComposition : 100% cotonAnn\u00e9e : 1990 Taille indiqu\u00e9: 33Taille estim\u00e9e : 38\/40FRTaille (cm) : 38Longueur ext\u00e9rieure (cm) : 112 \u00c9tat : tr\u00e8s bon. Belle patine du temps.Merci de noter que les v\u00eatements ne sont pas neufs et qu\u2019ils peuvent porter l&#8217;usure [&hellip;]<\/p>\n","protected":false},"featured_media":3824228,"comment_status":"open","ping_status":"closed","template":"","meta":[],"product_brand":[],"product_cat":[],"product_tag":[],"acf":[],"_links":{"self":[{"href":"https:\/\/streetmarkets.fr\/app\/wp-json\/wp\/v2\/product\/3824227"}],"collection":[{"href":"https:\/\/streetmarkets.fr\/app\/wp-json\/wp\/v2\/product"}],"about":[{"href":"https:\/\/streetmarkets.fr\/app\/wp-json\/wp\/v2\/types\/product"}],"replies":[{"embeddable":true,"href":"https:\/\/streetmarkets.fr\/app\/wp-json\/wp\/v2\/comments?post=3824227"}],"wp:featuredmedia":[{"embeddable":true,"href":"https:\/\/streetmarkets.fr\/app\/wp-json\/wp\/v2\/media\/3824228"}],"wp:attachment":[{"href":"https:\/\/streetmarkets.fr\/app\/wp-json\/wp\/v2\/media?parent=3824227"}],"wp:term":[{"taxonomy":"product_brand","embeddable":true,"href":"https:\/\/streetmarkets.fr\/app\/wp-json\/wp\/v2\/product_brand?post=3824227"},{"taxonomy":"product_cat","embeddable":true,"href":"https:\/\/streetmarkets.fr\/app\/wp-json\/wp\/v2\/product_cat?post=3824227"},{"taxonomy":"product_tag","embeddable":true,"href":"https:\/\/streetmarkets.fr\/app\/wp-json\/wp\/v2\/product_tag?post=3824227"}],"curies":[{"name":"wp","href":"https:\/\/api.w.org\/{rel}","templated":true}]}}