{"id":3824192,"date":"2026-03-21T19:05:47","date_gmt":"2026-03-21T18:05:47","guid":{"rendered":"https:\/\/streetmarkets.fr\/app\/produit\/pull-en-maille-torsadee-ralph-lauren-taille-m\/"},"modified":"2026-05-11T20:05:36","modified_gmt":"2026-05-11T18:05:36","slug":"pull-en-maille-torsadee-ralph-lauren-taille-m","status":"publish","type":"product","link":"https:\/\/streetmarkets.fr\/app\/produit\/pull-en-maille-torsadee-ralph-lauren-taille-m\/","title":{"rendered":"Pull en maille torsad\u00e9e Ralph Lauren \u2022 taille M"},"content":{"rendered":"<p>Pull en maille torsad\u00e9e vert Ralph Lauren,\u00a0<br \/>avec drapeau am\u00e9ricain.<\/p>\n<p>Marque : Polo by Ralph Lauren<br \/>Composition : 100% coton<\/p>\n<p>Taille : M<\/p>\n<p>\u00c9tat : tr\u00e8s bon<br \/>Merci de noter que les v\u00eatements ne sont pas neufs et qu\u2019ils peuvent porter l&#8217;usure d&#8217;une pi\u00e8ce de seconde main.<\/p>\n<p>Pour plus d&#8217;informations : <a href=\"https:\/\/uniselection.fr\/pages\/contactez-nous\">contactez-nous<\/a>.<\/p>\n","protected":false},"excerpt":{"rendered":"<p>Pull en maille torsad\u00e9e vert Ralph Lauren,\u00a0avec drapeau am\u00e9ricain. Marque : Polo by Ralph LaurenComposition : 100% coton Taille : M \u00c9tat : tr\u00e8s bonMerci de noter que les v\u00eatements ne sont pas neufs et qu\u2019ils peuvent porter l&#8217;usure d&#8217;une pi\u00e8ce de seconde main. Pour plus d&#8217;informations : contactez-nous.<\/p>\n","protected":false},"featured_media":3824193,"comment_status":"open","ping_status":"closed","template":"","meta":[],"product_brand":[],"product_cat":[],"product_tag":[],"acf":[],"_links":{"self":[{"href":"https:\/\/streetmarkets.fr\/app\/wp-json\/wp\/v2\/product\/3824192"}],"collection":[{"href":"https:\/\/streetmarkets.fr\/app\/wp-json\/wp\/v2\/product"}],"about":[{"href":"https:\/\/streetmarkets.fr\/app\/wp-json\/wp\/v2\/types\/product"}],"replies":[{"embeddable":true,"href":"https:\/\/streetmarkets.fr\/app\/wp-json\/wp\/v2\/comments?post=3824192"}],"wp:featuredmedia":[{"embeddable":true,"href":"https:\/\/streetmarkets.fr\/app\/wp-json\/wp\/v2\/media\/3824193"}],"wp:attachment":[{"href":"https:\/\/streetmarkets.fr\/app\/wp-json\/wp\/v2\/media?parent=3824192"}],"wp:term":[{"taxonomy":"product_brand","embeddable":true,"href":"https:\/\/streetmarkets.fr\/app\/wp-json\/wp\/v2\/product_brand?post=3824192"},{"taxonomy":"product_cat","embeddable":true,"href":"https:\/\/streetmarkets.fr\/app\/wp-json\/wp\/v2\/product_cat?post=3824192"},{"taxonomy":"product_tag","embeddable":true,"href":"https:\/\/streetmarkets.fr\/app\/wp-json\/wp\/v2\/product_tag?post=3824192"}],"curies":[{"name":"wp","href":"https:\/\/api.w.org\/{rel}","templated":true}]}}