{"id":3824112,"date":"2026-03-21T19:05:38","date_gmt":"2026-03-21T18:05:38","guid":{"rendered":"https:\/\/streetmarkets.fr\/app\/produit\/pull-en-laine-a-p-c-taille-xs\/"},"modified":"2026-05-11T20:05:36","modified_gmt":"2026-05-11T18:05:36","slug":"pull-en-laine-a-p-c-taille-xs","status":"publish","type":"product","link":"https:\/\/streetmarkets.fr\/app\/produit\/pull-en-laine-a-p-c-taille-xs\/","title":{"rendered":"Pull en laine A.P.C. \u2022 taille XS"},"content":{"rendered":"<p>Pull en laine gris bleu A.P.C \u00e0 col rond.<\/p>\n<p>Marque : A.P.C.<br \/>Composition : 100% laine<\/p>\n<p>Taille estim\u00e9e : du XS au S pour un port\u00e9 ample ou ajust\u00e9 (femme)<br \/>Mesures :\u00a0<br \/>\u00c9paules (cm): 37<br \/>Longueur dos (cm): 50<\/p>\n<p>\u00c9tat : bon.<br \/>Merci de noter que les v\u00eatements ne sont pas neufs et qu\u2019ils peuvent porter l&#8217;usure d&#8217;une pi\u00e8ce de seconde main.<\/p>\n<p>Pour plus d&#8217;informations : <a href=\"https:\/\/uniselection.fr\/pages\/contactez-nous\">contactez-nous<\/a>.<\/p>\n","protected":false},"excerpt":{"rendered":"<p>Pull en laine gris bleu A.P.C \u00e0 col rond. Marque : A.P.C.Composition : 100% laine Taille estim\u00e9e : du XS au S pour un port\u00e9 ample ou ajust\u00e9 (femme)Mesures :\u00a0\u00c9paules (cm): 37Longueur dos (cm): 50 \u00c9tat : bon.Merci de noter que les v\u00eatements ne sont pas neufs et qu\u2019ils peuvent porter l&#8217;usure d&#8217;une pi\u00e8ce de [&hellip;]<\/p>\n","protected":false},"featured_media":3824113,"comment_status":"open","ping_status":"closed","template":"","meta":[],"product_brand":[],"product_cat":[],"product_tag":[],"acf":[],"_links":{"self":[{"href":"https:\/\/streetmarkets.fr\/app\/wp-json\/wp\/v2\/product\/3824112"}],"collection":[{"href":"https:\/\/streetmarkets.fr\/app\/wp-json\/wp\/v2\/product"}],"about":[{"href":"https:\/\/streetmarkets.fr\/app\/wp-json\/wp\/v2\/types\/product"}],"replies":[{"embeddable":true,"href":"https:\/\/streetmarkets.fr\/app\/wp-json\/wp\/v2\/comments?post=3824112"}],"wp:featuredmedia":[{"embeddable":true,"href":"https:\/\/streetmarkets.fr\/app\/wp-json\/wp\/v2\/media\/3824113"}],"wp:attachment":[{"href":"https:\/\/streetmarkets.fr\/app\/wp-json\/wp\/v2\/media?parent=3824112"}],"wp:term":[{"taxonomy":"product_brand","embeddable":true,"href":"https:\/\/streetmarkets.fr\/app\/wp-json\/wp\/v2\/product_brand?post=3824112"},{"taxonomy":"product_cat","embeddable":true,"href":"https:\/\/streetmarkets.fr\/app\/wp-json\/wp\/v2\/product_cat?post=3824112"},{"taxonomy":"product_tag","embeddable":true,"href":"https:\/\/streetmarkets.fr\/app\/wp-json\/wp\/v2\/product_tag?post=3824112"}],"curies":[{"name":"wp","href":"https:\/\/api.w.org\/{rel}","templated":true}]}}