{"id":3824105,"date":"2026-03-21T19:05:37","date_gmt":"2026-03-21T18:05:37","guid":{"rendered":"https:\/\/streetmarkets.fr\/app\/produit\/trench-ceinture-vintage-taille-l\/"},"modified":"2026-05-14T20:06:31","modified_gmt":"2026-05-14T18:06:31","slug":"trench-ceinture-vintage-taille-l","status":"publish","type":"product","link":"https:\/\/streetmarkets.fr\/app\/produit\/trench-ceinture-vintage-taille-l\/","title":{"rendered":"Trench ceintur\u00e9 vintage \u2022 Taille L"},"content":{"rendered":"<p>Trench ceintur\u00e9 gris clair vintage, doublure \u00e0 carreaux, deux poches en biais.<\/p>\n<p>Marque : non indiqu\u00e9e<br \/>Composition : Polyester et coton<\/p>\n<p>Taille indiqu\u00e9e : non indiqu\u00e9e<br \/>Taille estim\u00e9e : convient \u00e0 du M au L pour un port\u00e9 ample ou ajust\u00e9<br \/>\u00c9paules raglan (du col au poignet, cm) : 76<br \/>Poitrine (cm) : 61<br \/>Longueur dos (cm) : 114<br \/>Longueur bras, aisselle \u00e0 poignet (cm) : 43<\/p>\n<p>Tr\u00e8s bon \u00e9tat.<br \/>Merci de noter que les v\u00eatements ne sont pas neufs et qu\u2019ils peuvent porter l&#8217;usure d&#8217;une pi\u00e8ce de seconde main.<\/p>\n<p>Pour plus d&#8217;informations :<span>\u00a0<\/span><a title=\"Contactez-nous\" href=\"https:\/\/uniselection.fr\/pages\/contactez-nous\">contactez-nous<\/a>.<\/p>\n","protected":false},"excerpt":{"rendered":"<p>Trench ceintur\u00e9 gris clair vintage, doublure \u00e0 carreaux, deux poches en biais. Marque : non indiqu\u00e9eComposition : Polyester et coton Taille indiqu\u00e9e : non indiqu\u00e9eTaille estim\u00e9e : convient \u00e0 du M au L pour un port\u00e9 ample ou ajust\u00e9\u00c9paules raglan (du col au poignet, cm) : 76Poitrine (cm) : 61Longueur dos (cm) : 114Longueur bras, [&hellip;]<\/p>\n","protected":false},"featured_media":3824106,"comment_status":"open","ping_status":"closed","template":"","meta":[],"product_brand":[],"product_cat":[],"product_tag":[],"acf":[],"_links":{"self":[{"href":"https:\/\/streetmarkets.fr\/app\/wp-json\/wp\/v2\/product\/3824105"}],"collection":[{"href":"https:\/\/streetmarkets.fr\/app\/wp-json\/wp\/v2\/product"}],"about":[{"href":"https:\/\/streetmarkets.fr\/app\/wp-json\/wp\/v2\/types\/product"}],"replies":[{"embeddable":true,"href":"https:\/\/streetmarkets.fr\/app\/wp-json\/wp\/v2\/comments?post=3824105"}],"wp:featuredmedia":[{"embeddable":true,"href":"https:\/\/streetmarkets.fr\/app\/wp-json\/wp\/v2\/media\/3824106"}],"wp:attachment":[{"href":"https:\/\/streetmarkets.fr\/app\/wp-json\/wp\/v2\/media?parent=3824105"}],"wp:term":[{"taxonomy":"product_brand","embeddable":true,"href":"https:\/\/streetmarkets.fr\/app\/wp-json\/wp\/v2\/product_brand?post=3824105"},{"taxonomy":"product_cat","embeddable":true,"href":"https:\/\/streetmarkets.fr\/app\/wp-json\/wp\/v2\/product_cat?post=3824105"},{"taxonomy":"product_tag","embeddable":true,"href":"https:\/\/streetmarkets.fr\/app\/wp-json\/wp\/v2\/product_tag?post=3824105"}],"curies":[{"name":"wp","href":"https:\/\/api.w.org\/{rel}","templated":true}]}}