{"id":3815077,"date":"2026-03-21T01:07:15","date_gmt":"2026-03-21T00:07:15","guid":{"rendered":"https:\/\/streetmarkets.fr\/app\/produit\/nouveau-mother-chemise-the-roomie-frenchie-julienne-cut-precommande\/"},"modified":"2026-05-06T02:05:21","modified_gmt":"2026-05-06T00:05:21","slug":"nouveau-mother-chemise-the-roomie-frenchie-julienne-cut-precommande","status":"publish","type":"product","link":"https:\/\/streetmarkets.fr\/app\/produit\/nouveau-mother-chemise-the-roomie-frenchie-julienne-cut-precommande\/","title":{"rendered":"Nouveau ! MOTHER Chemise The Roomie Frenchie Julienne Cut"},"content":{"rendered":"<p data-rte-preserve-empty=\"true\">Chemise en coton ray\u00e9, coupe ample, manches longues et poignets resserr\u00e9s, emmanchure large, une poche plaqu\u00e9e devant, souple et confortable. <\/p>\n<p data-rte-preserve-empty=\"true\">D\u00e9tail : 100% coton<\/p>\n<p data-rte-preserve-empty=\"true\">\n","protected":false},"excerpt":{"rendered":"<p>Chemise en coton ray\u00e9, coupe ample, manches longues et poignets resserr\u00e9s, emmanchure large, une poche plaqu\u00e9e devant, souple et confortable. D\u00e9tail : 100% coton<\/p>\n","protected":false},"featured_media":3815078,"comment_status":"open","ping_status":"closed","template":"","meta":[],"product_brand":[],"product_cat":[],"product_tag":[],"acf":[],"_links":{"self":[{"href":"https:\/\/streetmarkets.fr\/app\/wp-json\/wp\/v2\/product\/3815077"}],"collection":[{"href":"https:\/\/streetmarkets.fr\/app\/wp-json\/wp\/v2\/product"}],"about":[{"href":"https:\/\/streetmarkets.fr\/app\/wp-json\/wp\/v2\/types\/product"}],"replies":[{"embeddable":true,"href":"https:\/\/streetmarkets.fr\/app\/wp-json\/wp\/v2\/comments?post=3815077"}],"wp:featuredmedia":[{"embeddable":true,"href":"https:\/\/streetmarkets.fr\/app\/wp-json\/wp\/v2\/media\/3815078"}],"wp:attachment":[{"href":"https:\/\/streetmarkets.fr\/app\/wp-json\/wp\/v2\/media?parent=3815077"}],"wp:term":[{"taxonomy":"product_brand","embeddable":true,"href":"https:\/\/streetmarkets.fr\/app\/wp-json\/wp\/v2\/product_brand?post=3815077"},{"taxonomy":"product_cat","embeddable":true,"href":"https:\/\/streetmarkets.fr\/app\/wp-json\/wp\/v2\/product_cat?post=3815077"},{"taxonomy":"product_tag","embeddable":true,"href":"https:\/\/streetmarkets.fr\/app\/wp-json\/wp\/v2\/product_tag?post=3815077"}],"curies":[{"name":"wp","href":"https:\/\/api.w.org\/{rel}","templated":true}]}}