{"id":3814297,"date":"2026-03-21T00:21:05","date_gmt":"2026-03-20T23:21:05","guid":{"rendered":"https:\/\/streetmarkets.fr\/app\/produit\/pic-a-cheveux-sucette-coeur\/"},"modified":"2026-05-16T01:18:34","modified_gmt":"2026-05-15T23:18:34","slug":"pic-a-cheveux-sucette-coeur","status":"publish","type":"product","link":"https:\/\/streetmarkets.fr\/app\/produit\/pic-a-cheveux-sucette-coeur\/","title":{"rendered":"Pic \u00e0 Cheveux Sucette Coeur"},"content":{"rendered":"<div id=\"product-description-short-41\" class=\"rte-content\">\n<strong><a href=\"\/collections\/coucou-suzette\" title=\"Collection Coucou Suzette\">Collection Coucou Suzette<\/a><\/strong><strong><\/strong>\n<\/div>\n<div class=\"rte-content\">\n<strong><\/strong>\n<\/div>\n<div class=\"rte-content\">\n<p><span>Un pic \u00e0 cheveux en forme de sucette en c\u0153ur ! Une sucrerie qui nous faisait saliver \u00e0 la boulangerie \u00e9tant enfant, pendant que les parents attendaient leur baguette bien cuite. Cette beaut\u00e9 nous suit maintenant dans tous nos sacs \u00e0 main, pr\u00eate \u00e0 \u00eatre d\u00e9gain\u00e9e au besoin !<\/span><\/p>\n<p><span><\/span>Ce pic \u00e0 cheveux est fait \u00e0 partir d&#8217;Acetate de Cellulose recycl\u00e9e &amp; biod\u00e9gradable (Eco-Friendly).<\/p>\n<\/div>\n<div class=\"rte-content\">\n<div id=\"product-description-short-123\" class=\"rte-content\">\n<ul>\n<li><em>Chaque cr\u00e9ation est unique, la couleur peut varier l\u00e9g\u00e8rement selon le morceau d&#8217;ac\u00e9tate utilis\u00e9<\/em><\/li>\n<li><em><span>Fabriqu\u00e9 en Chine dans une usine audit\u00e9e<\/span><\/em><\/li>\n<li><em>Conseils d\u2019utilisation : \u00e9viter le contact avec l\u2019eau<\/em><\/li>\n<\/ul>\n<p>Dimensions : environ 17 x 4,4 cm<\/p>\n<\/div>\n<\/div>\n","protected":false},"excerpt":{"rendered":"<p>Collection Coucou Suzette Un pic \u00e0 cheveux en forme de sucette en c\u0153ur ! Une sucrerie qui nous faisait saliver \u00e0 la boulangerie \u00e9tant enfant, pendant que les parents attendaient leur baguette bien cuite. Cette beaut\u00e9 nous suit maintenant dans tous nos sacs \u00e0 main, pr\u00eate \u00e0 \u00eatre d\u00e9gain\u00e9e au besoin ! Ce pic \u00e0 [&hellip;]<\/p>\n","protected":false},"featured_media":3814298,"comment_status":"open","ping_status":"closed","template":"","meta":[],"product_brand":[],"product_cat":[],"product_tag":[],"acf":[],"_links":{"self":[{"href":"https:\/\/streetmarkets.fr\/app\/wp-json\/wp\/v2\/product\/3814297"}],"collection":[{"href":"https:\/\/streetmarkets.fr\/app\/wp-json\/wp\/v2\/product"}],"about":[{"href":"https:\/\/streetmarkets.fr\/app\/wp-json\/wp\/v2\/types\/product"}],"replies":[{"embeddable":true,"href":"https:\/\/streetmarkets.fr\/app\/wp-json\/wp\/v2\/comments?post=3814297"}],"wp:featuredmedia":[{"embeddable":true,"href":"https:\/\/streetmarkets.fr\/app\/wp-json\/wp\/v2\/media\/3814298"}],"wp:attachment":[{"href":"https:\/\/streetmarkets.fr\/app\/wp-json\/wp\/v2\/media?parent=3814297"}],"wp:term":[{"taxonomy":"product_brand","embeddable":true,"href":"https:\/\/streetmarkets.fr\/app\/wp-json\/wp\/v2\/product_brand?post=3814297"},{"taxonomy":"product_cat","embeddable":true,"href":"https:\/\/streetmarkets.fr\/app\/wp-json\/wp\/v2\/product_cat?post=3814297"},{"taxonomy":"product_tag","embeddable":true,"href":"https:\/\/streetmarkets.fr\/app\/wp-json\/wp\/v2\/product_tag?post=3814297"}],"curies":[{"name":"wp","href":"https:\/\/api.w.org\/{rel}","templated":true}]}}