{"id":3814141,"date":"2026-03-21T00:15:02","date_gmt":"2026-03-20T23:15:02","guid":{"rendered":"https:\/\/streetmarkets.fr\/app\/produit\/grand-collier-capucine\/"},"modified":"2026-05-09T01:13:55","modified_gmt":"2026-05-08T23:13:55","slug":"grand-collier-capucine","status":"publish","type":"product","link":"https:\/\/streetmarkets.fr\/app\/produit\/grand-collier-capucine\/","title":{"rendered":"Grand Collier Capucine"},"content":{"rendered":"<p><strong><a title=\"Collection BDM Studio\" href=\"https:\/\/frenchtouche.com\/collections\/bdm-studio\">Collection BDM Studio<\/a><\/strong><\/p>\n<p><span>Collier tour de cou dor\u00e9 \u00e0 l&#8217;or fin.<\/span><br \/><span>Longueur ajustable 41-49 cm.<\/span><\/p>\n<p><span data-mce-fragment=\"1\">Les bijoux BDM Studio sont plaqu\u00e9s or 24K pour leur assurer une longue dur\u00e9e de vie.<br \/>Ils ne contiennent aucun m\u00e9tal allerg\u00e8ne, seulement du laiton, du cuivre, et de l&#8217;or.<br \/>Evitez de les mettre en contact de produits chimiques, cosm\u00e9tiques, ou parfums. <br \/>Ne les portez pas pendant vos bains de mer ou pendant votre s\u00e9ance de sport, et rangez-les dans dans leur petit pochon en coton Bio. <br \/>Pour nettoyer un bijou, un simple chiffon doux et sec permettra de raviver son \u00e9clat.<\/span><\/p>\n<p>:: Fabriqu\u00e9 \u00e0 la main dans l&#8217;atelier des cr\u00e9ateurs \u00e0 Paris ::<\/p>\n","protected":false},"excerpt":{"rendered":"<p>Collection BDM Studio Collier tour de cou dor\u00e9 \u00e0 l&#8217;or fin.Longueur ajustable 41-49 cm. Les bijoux BDM Studio sont plaqu\u00e9s or 24K pour leur assurer une longue dur\u00e9e de vie.Ils ne contiennent aucun m\u00e9tal allerg\u00e8ne, seulement du laiton, du cuivre, et de l&#8217;or.Evitez de les mettre en contact de produits chimiques, cosm\u00e9tiques, ou parfums. Ne [&hellip;]<\/p>\n","protected":false},"featured_media":3814142,"comment_status":"open","ping_status":"closed","template":"","meta":[],"product_brand":[],"product_cat":[],"product_tag":[],"acf":[],"_links":{"self":[{"href":"https:\/\/streetmarkets.fr\/app\/wp-json\/wp\/v2\/product\/3814141"}],"collection":[{"href":"https:\/\/streetmarkets.fr\/app\/wp-json\/wp\/v2\/product"}],"about":[{"href":"https:\/\/streetmarkets.fr\/app\/wp-json\/wp\/v2\/types\/product"}],"replies":[{"embeddable":true,"href":"https:\/\/streetmarkets.fr\/app\/wp-json\/wp\/v2\/comments?post=3814141"}],"wp:featuredmedia":[{"embeddable":true,"href":"https:\/\/streetmarkets.fr\/app\/wp-json\/wp\/v2\/media\/3814142"}],"wp:attachment":[{"href":"https:\/\/streetmarkets.fr\/app\/wp-json\/wp\/v2\/media?parent=3814141"}],"wp:term":[{"taxonomy":"product_brand","embeddable":true,"href":"https:\/\/streetmarkets.fr\/app\/wp-json\/wp\/v2\/product_brand?post=3814141"},{"taxonomy":"product_cat","embeddable":true,"href":"https:\/\/streetmarkets.fr\/app\/wp-json\/wp\/v2\/product_cat?post=3814141"},{"taxonomy":"product_tag","embeddable":true,"href":"https:\/\/streetmarkets.fr\/app\/wp-json\/wp\/v2\/product_tag?post=3814141"}],"curies":[{"name":"wp","href":"https:\/\/api.w.org\/{rel}","templated":true}]}}