{"id":3813889,"date":"2026-03-20T23:56:21","date_gmt":"2026-03-20T22:56:21","guid":{"rendered":"https:\/\/streetmarkets.fr\/app\/produit\/gilet-sakara-checkmate-khaki\/"},"modified":"2026-05-06T00:56:17","modified_gmt":"2026-05-05T22:56:17","slug":"gilet-sakara-checkmate-khaki","status":"publish","type":"product","link":"https:\/\/streetmarkets.fr\/app\/produit\/gilet-sakara-checkmate-khaki\/","title":{"rendered":"Gilet Sakara CHECKMATE KHAKI"},"content":{"rendered":"<p>Adoptez le gilet sans manche SAKARA, matelass\u00e9 et r\u00e9versible, pour un look modulable. C\u00f4t\u00e9 khadi de coton brod\u00e9 ou c\u00f4t\u00e9 imprim\u00e9 avec poches plaqu\u00e9es, il allie confort et style. Sa coupe droite et courte assure un port\u00e9 moderne et polyvalent, parfait pour compl\u00e9ter vos tenues avec originalit\u00e9 et \u00e9l\u00e9gance.<\/p>\n<p>D\u00c9TAILS<\/p>\n<ul>\n<li>Mati\u00e8re : 100% coton<\/li>\n<li>Tissage : Inde<\/li>\n<li>Teinture et impression : Inde<\/li>\n<li>Confection : Inde<\/li>\n<li>Paula mesure 176 cm et porte une taille M<\/li>\n<\/ul>\n","protected":false},"excerpt":{"rendered":"<p>Adoptez le gilet sans manche SAKARA, matelass\u00e9 et r\u00e9versible, pour un look modulable. C\u00f4t\u00e9 khadi de coton brod\u00e9 ou c\u00f4t\u00e9 imprim\u00e9 avec poches plaqu\u00e9es, il allie confort et style. Sa coupe droite et courte assure un port\u00e9 moderne et polyvalent, parfait pour compl\u00e9ter vos tenues avec originalit\u00e9 et \u00e9l\u00e9gance. D\u00c9TAILS Mati\u00e8re : 100% coton Tissage [&hellip;]<\/p>\n","protected":false},"featured_media":3813890,"comment_status":"open","ping_status":"closed","template":"","meta":[],"product_brand":[],"product_cat":[],"product_tag":[],"acf":[],"_links":{"self":[{"href":"https:\/\/streetmarkets.fr\/app\/wp-json\/wp\/v2\/product\/3813889"}],"collection":[{"href":"https:\/\/streetmarkets.fr\/app\/wp-json\/wp\/v2\/product"}],"about":[{"href":"https:\/\/streetmarkets.fr\/app\/wp-json\/wp\/v2\/types\/product"}],"replies":[{"embeddable":true,"href":"https:\/\/streetmarkets.fr\/app\/wp-json\/wp\/v2\/comments?post=3813889"}],"wp:featuredmedia":[{"embeddable":true,"href":"https:\/\/streetmarkets.fr\/app\/wp-json\/wp\/v2\/media\/3813890"}],"wp:attachment":[{"href":"https:\/\/streetmarkets.fr\/app\/wp-json\/wp\/v2\/media?parent=3813889"}],"wp:term":[{"taxonomy":"product_brand","embeddable":true,"href":"https:\/\/streetmarkets.fr\/app\/wp-json\/wp\/v2\/product_brand?post=3813889"},{"taxonomy":"product_cat","embeddable":true,"href":"https:\/\/streetmarkets.fr\/app\/wp-json\/wp\/v2\/product_cat?post=3813889"},{"taxonomy":"product_tag","embeddable":true,"href":"https:\/\/streetmarkets.fr\/app\/wp-json\/wp\/v2\/product_tag?post=3813889"}],"curies":[{"name":"wp","href":"https:\/\/api.w.org\/{rel}","templated":true}]}}