{"id":3813821,"date":"2026-03-20T07:40:56","date_gmt":"2026-03-20T06:40:56","guid":{"rendered":"https:\/\/streetmarkets.fr\/app\/produit\/blouse-candi-100-lin-mint-my-sayang\/"},"modified":"2026-05-08T08:40:16","modified_gmt":"2026-05-08T06:40:16","slug":"blouse-candi-100-lin-mint-my-sayang","status":"publish","type":"product","link":"https:\/\/streetmarkets.fr\/app\/produit\/blouse-candi-100-lin-mint-my-sayang\/","title":{"rendered":"Blouse Candi 100% lin mint &#8211; My Sayang"},"content":{"rendered":"<p data-mce-fragment=\"1\">Blouse col mao en coton boutonn\u00e9e sur le devant.\u00a0<\/p>\n<p data-mce-fragment=\"1\">coloris vert menthe<\/p>\n<p data-mce-fragment=\"1\">\u00a0100% lin\u00a0<\/p>\n<p data-mce-fragment=\"1\">La coupe est \u00a0fluide et oversized, le tissu est tr\u00e8s agr\u00e9able \u00e0 porter.\u00a0<span data-mce-fragment=\"1\"><\/span><\/p>\n<p data-mce-fragment=\"1\">Conseil taille : convient du 38 au 42<\/p>\n<p data-mce-fragment=\"1\">Couleur obtenur de fa\u00e7on naturelle\u00a0<\/p>\n<p><\/p>\n","protected":false},"excerpt":{"rendered":"<p>Blouse col mao en coton boutonn\u00e9e sur le devant.\u00a0 coloris vert menthe \u00a0100% lin\u00a0 La coupe est \u00a0fluide et oversized, le tissu est tr\u00e8s agr\u00e9able \u00e0 porter.\u00a0 Conseil taille : convient du 38 au 42 Couleur obtenur de fa\u00e7on naturelle\u00a0<\/p>\n","protected":false},"featured_media":3813822,"comment_status":"open","ping_status":"closed","template":"","meta":[],"product_brand":[],"product_cat":[],"product_tag":[],"acf":[],"_links":{"self":[{"href":"https:\/\/streetmarkets.fr\/app\/wp-json\/wp\/v2\/product\/3813821"}],"collection":[{"href":"https:\/\/streetmarkets.fr\/app\/wp-json\/wp\/v2\/product"}],"about":[{"href":"https:\/\/streetmarkets.fr\/app\/wp-json\/wp\/v2\/types\/product"}],"replies":[{"embeddable":true,"href":"https:\/\/streetmarkets.fr\/app\/wp-json\/wp\/v2\/comments?post=3813821"}],"wp:featuredmedia":[{"embeddable":true,"href":"https:\/\/streetmarkets.fr\/app\/wp-json\/wp\/v2\/media\/3813822"}],"wp:attachment":[{"href":"https:\/\/streetmarkets.fr\/app\/wp-json\/wp\/v2\/media?parent=3813821"}],"wp:term":[{"taxonomy":"product_brand","embeddable":true,"href":"https:\/\/streetmarkets.fr\/app\/wp-json\/wp\/v2\/product_brand?post=3813821"},{"taxonomy":"product_cat","embeddable":true,"href":"https:\/\/streetmarkets.fr\/app\/wp-json\/wp\/v2\/product_cat?post=3813821"},{"taxonomy":"product_tag","embeddable":true,"href":"https:\/\/streetmarkets.fr\/app\/wp-json\/wp\/v2\/product_tag?post=3813821"}],"curies":[{"name":"wp","href":"https:\/\/api.w.org\/{rel}","templated":true}]}}