{"id":3813815,"date":"2026-03-20T07:40:56","date_gmt":"2026-03-20T06:40:56","guid":{"rendered":"https:\/\/streetmarkets.fr\/app\/produit\/sac-santa-croce-big-poppy-red-dragon-diffusion\/"},"modified":"2026-05-12T08:40:18","modified_gmt":"2026-05-12T06:40:18","slug":"sac-santa-croce-big-poppy-red-dragon-diffusion","status":"publish","type":"product","link":"https:\/\/streetmarkets.fr\/app\/produit\/sac-santa-croce-big-poppy-red-dragon-diffusion\/","title":{"rendered":"Sac Santa Croce big poppy red &#8211; Dragon Diffusion"},"content":{"rendered":"<p>Mod\u00e8le plus citadin de la collection, le Santa Croce est compos\u00e9 de bandes de cuir finement travaill\u00e9es.\u00a0<\/p>\n<p>Ce sac se porte \u00e0 la main ou \u00e0 l&#8217;\u00e9paule.\u00a0<\/p>\n<p>Inspir\u00e9 par les techniques artisanales traditionnelles de tressage, ce\u00a0sac n&#8217;est pas doubl\u00e9 et sans poches \u00e0 l&#8217;int\u00e9rieur.<\/p>\n<p>\u00c0 l&#8217;int\u00e9rieur de chaque sac, une d\u00e9licate m\u00e9daille \u00e9voque la protection du saint patron des voyageurs, Saint-Christophe. Cousue \u00e0 la main avec un savoir-faire unique, cette m\u00e9daille repr\u00e9sente le sceau d&#8217;authenticit\u00e9 de la marque Dragon Diffusion.\u00a0<\/p>\n<p>Produit d&#8217;exception r\u00e9alis\u00e9 de fa\u00e7on artisanale et n\u00e9cessitant 3 semaines de travail.<\/p>\n<p>Retrouvez en exclusivit\u00e9 Paris sur notre eshop une s\u00e9lection des plus beaux mod\u00e8les de la nouvelle collection <a href=\"https:\/\/www.joee.fr\/concept-store-dragon-paris\" target=\"_blank\" rel=\"noopener\">Dragon bags.<\/a><\/p>\n","protected":false},"excerpt":{"rendered":"<p>Mod\u00e8le plus citadin de la collection, le Santa Croce est compos\u00e9 de bandes de cuir finement travaill\u00e9es.\u00a0 Ce sac se porte \u00e0 la main ou \u00e0 l&#8217;\u00e9paule.\u00a0 Inspir\u00e9 par les techniques artisanales traditionnelles de tressage, ce\u00a0sac n&#8217;est pas doubl\u00e9 et sans poches \u00e0 l&#8217;int\u00e9rieur. \u00c0 l&#8217;int\u00e9rieur de chaque sac, une d\u00e9licate m\u00e9daille \u00e9voque la protection [&hellip;]<\/p>\n","protected":false},"featured_media":3813816,"comment_status":"open","ping_status":"closed","template":"","meta":[],"product_brand":[],"product_cat":[],"product_tag":[],"acf":[],"_links":{"self":[{"href":"https:\/\/streetmarkets.fr\/app\/wp-json\/wp\/v2\/product\/3813815"}],"collection":[{"href":"https:\/\/streetmarkets.fr\/app\/wp-json\/wp\/v2\/product"}],"about":[{"href":"https:\/\/streetmarkets.fr\/app\/wp-json\/wp\/v2\/types\/product"}],"replies":[{"embeddable":true,"href":"https:\/\/streetmarkets.fr\/app\/wp-json\/wp\/v2\/comments?post=3813815"}],"wp:featuredmedia":[{"embeddable":true,"href":"https:\/\/streetmarkets.fr\/app\/wp-json\/wp\/v2\/media\/3813816"}],"wp:attachment":[{"href":"https:\/\/streetmarkets.fr\/app\/wp-json\/wp\/v2\/media?parent=3813815"}],"wp:term":[{"taxonomy":"product_brand","embeddable":true,"href":"https:\/\/streetmarkets.fr\/app\/wp-json\/wp\/v2\/product_brand?post=3813815"},{"taxonomy":"product_cat","embeddable":true,"href":"https:\/\/streetmarkets.fr\/app\/wp-json\/wp\/v2\/product_cat?post=3813815"},{"taxonomy":"product_tag","embeddable":true,"href":"https:\/\/streetmarkets.fr\/app\/wp-json\/wp\/v2\/product_tag?post=3813815"}],"curies":[{"name":"wp","href":"https:\/\/api.w.org\/{rel}","templated":true}]}}