{"id":3813807,"date":"2026-03-20T07:40:47","date_gmt":"2026-03-20T06:40:47","guid":{"rendered":"https:\/\/streetmarkets.fr\/app\/produit\/collier-double-medaille-delphes-bijoux\/"},"modified":"2026-05-08T08:40:16","modified_gmt":"2026-05-08T06:40:16","slug":"collier-double-medaille-delphes-bijoux","status":"publish","type":"product","link":"https:\/\/streetmarkets.fr\/app\/produit\/collier-double-medaille-delphes-bijoux\/","title":{"rendered":"Collier double m\u00e9daille &#8211; Delphes bijoux"},"content":{"rendered":"<ul>\n<li>collier avec 2 m\u00e9daillons anciens revisit\u00e9s avec zircons blancs<\/li>\n<li>m\u00e9daillon palqu\u00e9 argent et plaqu\u00e9 or qui se chevauchent\u00a0<\/li>\n<li>Composition : Laiton dor\u00e9 \u00e0 l&#8217;or fin\n<\/li>\n<li>dimension : 50 cm\u00a0<\/li>\n<\/ul>\n","protected":false},"excerpt":{"rendered":"<p>collier avec 2 m\u00e9daillons anciens revisit\u00e9s avec zircons blancs m\u00e9daillon palqu\u00e9 argent et plaqu\u00e9 or qui se chevauchent\u00a0 Composition : Laiton dor\u00e9 \u00e0 l&#8217;or fin dimension : 50 cm\u00a0<\/p>\n","protected":false},"featured_media":3813808,"comment_status":"open","ping_status":"closed","template":"","meta":[],"product_brand":[],"product_cat":[],"product_tag":[],"acf":[],"_links":{"self":[{"href":"https:\/\/streetmarkets.fr\/app\/wp-json\/wp\/v2\/product\/3813807"}],"collection":[{"href":"https:\/\/streetmarkets.fr\/app\/wp-json\/wp\/v2\/product"}],"about":[{"href":"https:\/\/streetmarkets.fr\/app\/wp-json\/wp\/v2\/types\/product"}],"replies":[{"embeddable":true,"href":"https:\/\/streetmarkets.fr\/app\/wp-json\/wp\/v2\/comments?post=3813807"}],"wp:featuredmedia":[{"embeddable":true,"href":"https:\/\/streetmarkets.fr\/app\/wp-json\/wp\/v2\/media\/3813808"}],"wp:attachment":[{"href":"https:\/\/streetmarkets.fr\/app\/wp-json\/wp\/v2\/media?parent=3813807"}],"wp:term":[{"taxonomy":"product_brand","embeddable":true,"href":"https:\/\/streetmarkets.fr\/app\/wp-json\/wp\/v2\/product_brand?post=3813807"},{"taxonomy":"product_cat","embeddable":true,"href":"https:\/\/streetmarkets.fr\/app\/wp-json\/wp\/v2\/product_cat?post=3813807"},{"taxonomy":"product_tag","embeddable":true,"href":"https:\/\/streetmarkets.fr\/app\/wp-json\/wp\/v2\/product_tag?post=3813807"}],"curies":[{"name":"wp","href":"https:\/\/api.w.org\/{rel}","templated":true}]}}