{"id":3813788,"date":"2026-03-20T07:40:45","date_gmt":"2026-03-20T06:40:45","guid":{"rendered":"https:\/\/streetmarkets.fr\/app\/produit\/carre-130-des-rives-et-des-reves-inoui-editions\/"},"modified":"2026-05-15T08:40:18","modified_gmt":"2026-05-15T06:40:18","slug":"carre-130-des-rives-et-des-reves-inoui-editions","status":"publish","type":"product","link":"https:\/\/streetmarkets.fr\/app\/produit\/carre-130-des-rives-et-des-reves-inoui-editions\/","title":{"rendered":"Carr\u00e9 130 des rives et des reves &#8211; Inoui \u00c9ditions"},"content":{"rendered":"<p><span>Tr\u00e8s grand carr\u00e9 bleu, en coton et soie, de la collection Des Rives et Des Reves, \u00e0 nouer<\/span><\/p>\n<p><span>32% Soie 78% coton<\/span><\/p>\n<p><span>Fabriqu\u00e9 en Inde<\/span><\/p>\n<p><\/p>\n","protected":false},"excerpt":{"rendered":"<p>Tr\u00e8s grand carr\u00e9 bleu, en coton et soie, de la collection Des Rives et Des Reves, \u00e0 nouer 32% Soie 78% coton Fabriqu\u00e9 en Inde<\/p>\n","protected":false},"featured_media":3813789,"comment_status":"open","ping_status":"closed","template":"","meta":[],"product_brand":[],"product_cat":[],"product_tag":[],"acf":[],"_links":{"self":[{"href":"https:\/\/streetmarkets.fr\/app\/wp-json\/wp\/v2\/product\/3813788"}],"collection":[{"href":"https:\/\/streetmarkets.fr\/app\/wp-json\/wp\/v2\/product"}],"about":[{"href":"https:\/\/streetmarkets.fr\/app\/wp-json\/wp\/v2\/types\/product"}],"replies":[{"embeddable":true,"href":"https:\/\/streetmarkets.fr\/app\/wp-json\/wp\/v2\/comments?post=3813788"}],"wp:featuredmedia":[{"embeddable":true,"href":"https:\/\/streetmarkets.fr\/app\/wp-json\/wp\/v2\/media\/3813789"}],"wp:attachment":[{"href":"https:\/\/streetmarkets.fr\/app\/wp-json\/wp\/v2\/media?parent=3813788"}],"wp:term":[{"taxonomy":"product_brand","embeddable":true,"href":"https:\/\/streetmarkets.fr\/app\/wp-json\/wp\/v2\/product_brand?post=3813788"},{"taxonomy":"product_cat","embeddable":true,"href":"https:\/\/streetmarkets.fr\/app\/wp-json\/wp\/v2\/product_cat?post=3813788"},{"taxonomy":"product_tag","embeddable":true,"href":"https:\/\/streetmarkets.fr\/app\/wp-json\/wp\/v2\/product_tag?post=3813788"}],"curies":[{"name":"wp","href":"https:\/\/api.w.org\/{rel}","templated":true}]}}