{"id":3813762,"date":"2026-03-20T07:40:43","date_gmt":"2026-03-20T06:40:43","guid":{"rendered":"https:\/\/streetmarkets.fr\/app\/produit\/jupe-azurea-payal-pratap\/"},"modified":"2026-05-12T08:40:18","modified_gmt":"2026-05-12T06:40:18","slug":"jupe-azurea-payal-pratap","status":"publish","type":"product","link":"https:\/\/streetmarkets.fr\/app\/produit\/jupe-azurea-payal-pratap\/","title":{"rendered":"Jupe azurea &#8211; Payal Pratap"},"content":{"rendered":"<p>Une jupe mi-longue fluide, confectionn\u00e9e dans un tissu \u00e0 carreaux bleu et rose, rehauss\u00e9e d&#8217;un liser\u00e9 jaune citron contrastant \u00e0 l&#8217;ourlet.<\/p>\n<p>Sa taille l\u00e9g\u00e8rement fronc\u00e9e offre une grande libert\u00e9 de mouvement et une silhouette facile \u00e0 porter au quotidien.<\/p>\n<p>Composition : Coton et lin tiss\u00e9s \u00e0 la main<\/p>\n<p>La taille S correspond \u00e0 un 36<\/p>\n<p>la taille M correspond \u00e0 un 38\/40<\/p>\n<p>\u00a0<\/p>\n","protected":false},"excerpt":{"rendered":"<p>Une jupe mi-longue fluide, confectionn\u00e9e dans un tissu \u00e0 carreaux bleu et rose, rehauss\u00e9e d&#8217;un liser\u00e9 jaune citron contrastant \u00e0 l&#8217;ourlet. Sa taille l\u00e9g\u00e8rement fronc\u00e9e offre une grande libert\u00e9 de mouvement et une silhouette facile \u00e0 porter au quotidien. Composition : Coton et lin tiss\u00e9s \u00e0 la main La taille S correspond \u00e0 un 36 [&hellip;]<\/p>\n","protected":false},"featured_media":3813763,"comment_status":"open","ping_status":"closed","template":"","meta":[],"product_brand":[],"product_cat":[],"product_tag":[],"acf":[],"_links":{"self":[{"href":"https:\/\/streetmarkets.fr\/app\/wp-json\/wp\/v2\/product\/3813762"}],"collection":[{"href":"https:\/\/streetmarkets.fr\/app\/wp-json\/wp\/v2\/product"}],"about":[{"href":"https:\/\/streetmarkets.fr\/app\/wp-json\/wp\/v2\/types\/product"}],"replies":[{"embeddable":true,"href":"https:\/\/streetmarkets.fr\/app\/wp-json\/wp\/v2\/comments?post=3813762"}],"wp:featuredmedia":[{"embeddable":true,"href":"https:\/\/streetmarkets.fr\/app\/wp-json\/wp\/v2\/media\/3813763"}],"wp:attachment":[{"href":"https:\/\/streetmarkets.fr\/app\/wp-json\/wp\/v2\/media?parent=3813762"}],"wp:term":[{"taxonomy":"product_brand","embeddable":true,"href":"https:\/\/streetmarkets.fr\/app\/wp-json\/wp\/v2\/product_brand?post=3813762"},{"taxonomy":"product_cat","embeddable":true,"href":"https:\/\/streetmarkets.fr\/app\/wp-json\/wp\/v2\/product_cat?post=3813762"},{"taxonomy":"product_tag","embeddable":true,"href":"https:\/\/streetmarkets.fr\/app\/wp-json\/wp\/v2\/product_tag?post=3813762"}],"curies":[{"name":"wp","href":"https:\/\/api.w.org\/{rel}","templated":true}]}}