{"id":3807406,"date":"2026-03-19T01:46:36","date_gmt":"2026-03-19T00:46:36","guid":{"rendered":"https:\/\/streetmarkets.fr\/app\/produit\/legacy-96-pour-homme-261-m-pumpkin\/"},"modified":"2026-05-11T02:55:45","modified_gmt":"2026-05-11T00:55:45","slug":"legacy-96-pour-homme-261-m-pumpkin","status":"publish","type":"product","link":"https:\/\/streetmarkets.fr\/app\/produit\/legacy-96-pour-homme-261-m-pumpkin\/","title":{"rendered":"Legacy 96 pour Homme (261 \/ M \/ PUMPKIN)"},"content":{"rendered":"<p>La sneaker de running r\u00e9tro Karhu Legacy 96 pr\u00e9sente une tige en mesh avec des empi\u00e8cements en daim, des d\u00e9tails r\u00e9fl\u00e9chissants, une semelle interm\u00e9diaire en EVA moul\u00e9 et un amorti \u00e0 air.<\/p>\n<ul>\n<li>Taille normalement<\/li>\n<li>Style\u00a0: F806093<\/li>\n<li>Couleur\u00a0: Pumpkin Spice \/ Bright White<\/li>\n<\/ul>\n","protected":false},"excerpt":{"rendered":"<p>La sneaker de running r\u00e9tro Karhu Legacy 96 pr\u00e9sente une tige en mesh avec des empi\u00e8cements en daim, des d\u00e9tails r\u00e9fl\u00e9chissants, une semelle interm\u00e9diaire en EVA moul\u00e9 et un amorti \u00e0 air. Taille normalement Style\u00a0: F806093 Couleur\u00a0: Pumpkin Spice \/ Bright White<\/p>\n","protected":false},"featured_media":4119254,"comment_status":"open","ping_status":"closed","template":"","meta":[],"product_brand":[],"product_cat":[],"product_tag":[],"acf":[],"_links":{"self":[{"href":"https:\/\/streetmarkets.fr\/app\/wp-json\/wp\/v2\/product\/3807406"}],"collection":[{"href":"https:\/\/streetmarkets.fr\/app\/wp-json\/wp\/v2\/product"}],"about":[{"href":"https:\/\/streetmarkets.fr\/app\/wp-json\/wp\/v2\/types\/product"}],"replies":[{"embeddable":true,"href":"https:\/\/streetmarkets.fr\/app\/wp-json\/wp\/v2\/comments?post=3807406"}],"wp:featuredmedia":[{"embeddable":true,"href":"https:\/\/streetmarkets.fr\/app\/wp-json\/wp\/v2\/media\/4119254"}],"wp:attachment":[{"href":"https:\/\/streetmarkets.fr\/app\/wp-json\/wp\/v2\/media?parent=3807406"}],"wp:term":[{"taxonomy":"product_brand","embeddable":true,"href":"https:\/\/streetmarkets.fr\/app\/wp-json\/wp\/v2\/product_brand?post=3807406"},{"taxonomy":"product_cat","embeddable":true,"href":"https:\/\/streetmarkets.fr\/app\/wp-json\/wp\/v2\/product_cat?post=3807406"},{"taxonomy":"product_tag","embeddable":true,"href":"https:\/\/streetmarkets.fr\/app\/wp-json\/wp\/v2\/product_tag?post=3807406"}],"curies":[{"name":"wp","href":"https:\/\/api.w.org\/{rel}","templated":true}]}}