{"id":3802531,"date":"2026-03-19T00:57:00","date_gmt":"2026-03-18T23:57:00","guid":{"rendered":"https:\/\/streetmarkets.fr\/app\/produit\/pull-col-rond-intarsia-s26-femme-star-yellow\/"},"modified":"2026-05-09T02:20:38","modified_gmt":"2026-05-09T00:20:38","slug":"pull-col-rond-intarsia-s26-femme-star-yellow","status":"publish","type":"product","link":"https:\/\/streetmarkets.fr\/app\/produit\/pull-col-rond-intarsia-s26-femme-star-yellow\/","title":{"rendered":"Pull Col Rond Intarsia (S26 \/ FEMME \/ Star Yellow)"},"content":{"rendered":"<p>Ce pull \u00e0 col rond est confectionn\u00e9 en 100% cachemire l\u00e9ger pour un port\u00e9 doux et confortable. Il se distingue par son motif message &#8220;THE WORLD BELONGS TO THE FUTURE&#8221; r\u00e9alis\u00e9 en technique d&#8217;intarsia multicolore sur le devant.<\/p>\n<p>&#8211; Pull col rond \u00e0 manches longues<br \/>\n<br \/>&#8211; 100% Cachemire l\u00e9ger<br \/>\n<br \/>&#8211; Message en intarsia multicolore<br \/>\n<br \/>&#8211; Finitions bords-c\u00f4tes<br \/>\n<br \/>&#8211; Le Good Cashmere Standard\u00ae (GCS) est une norme ind\u00e9pendante pour un cachemire plus durable et plus responsable. Il vise \u00e0 am\u00e9liorer le bien-\u00eatre des ch\u00e8vres cachemire, les conditions de travail des \u00e9leveurs ainsi qu&#8217;\u00e0 prot\u00e9ger l&#8217;environnement.<\/p>\n","protected":false},"excerpt":{"rendered":"<p>Ce pull \u00e0 col rond est confectionn\u00e9 en 100% cachemire l\u00e9ger pour un port\u00e9 doux et confortable. Il se distingue par son motif message &#8220;THE WORLD BELONGS TO THE FUTURE&#8221; r\u00e9alis\u00e9 en technique d&#8217;intarsia multicolore sur le devant. &#8211; Pull col rond \u00e0 manches longues &#8211; 100% Cachemire l\u00e9ger &#8211; Message en intarsia multicolore &#8211; [&hellip;]<\/p>\n","protected":false},"featured_media":3802532,"comment_status":"open","ping_status":"closed","template":"","meta":[],"product_brand":[6868],"product_cat":[],"product_tag":[],"acf":[],"_links":{"self":[{"href":"https:\/\/streetmarkets.fr\/app\/wp-json\/wp\/v2\/product\/3802531"}],"collection":[{"href":"https:\/\/streetmarkets.fr\/app\/wp-json\/wp\/v2\/product"}],"about":[{"href":"https:\/\/streetmarkets.fr\/app\/wp-json\/wp\/v2\/types\/product"}],"replies":[{"embeddable":true,"href":"https:\/\/streetmarkets.fr\/app\/wp-json\/wp\/v2\/comments?post=3802531"}],"wp:featuredmedia":[{"embeddable":true,"href":"https:\/\/streetmarkets.fr\/app\/wp-json\/wp\/v2\/media\/3802532"}],"wp:attachment":[{"href":"https:\/\/streetmarkets.fr\/app\/wp-json\/wp\/v2\/media?parent=3802531"}],"wp:term":[{"taxonomy":"product_brand","embeddable":true,"href":"https:\/\/streetmarkets.fr\/app\/wp-json\/wp\/v2\/product_brand?post=3802531"},{"taxonomy":"product_cat","embeddable":true,"href":"https:\/\/streetmarkets.fr\/app\/wp-json\/wp\/v2\/product_cat?post=3802531"},{"taxonomy":"product_tag","embeddable":true,"href":"https:\/\/streetmarkets.fr\/app\/wp-json\/wp\/v2\/product_tag?post=3802531"}],"curies":[{"name":"wp","href":"https:\/\/api.w.org\/{rel}","templated":true}]}}