{"id":3802486,"date":"2026-03-19T00:56:53","date_gmt":"2026-03-18T23:56:53","guid":{"rendered":"https:\/\/streetmarkets.fr\/app\/produit\/top-debardeur-a-bretelles-lisere-contraste-s26-femme-baby-blue-rws\/"},"modified":"2026-05-15T01:57:19","modified_gmt":"2026-05-14T23:57:19","slug":"top-debardeur-a-bretelles-lisere-contraste-s26-femme-baby-blue-rws","status":"publish","type":"product","link":"https:\/\/streetmarkets.fr\/app\/produit\/top-debardeur-a-bretelles-lisere-contraste-s26-femme-baby-blue-rws\/","title":{"rendered":"Top D\u00e9bardeur \u00e0 Bretelles Lis\u00e9r\u00e9 Contrast\u00e9 (S26 \/ FEMME \/ Baby Blue \/ RWS)"},"content":{"rendered":"<p>Indispensable du vestiaire estival, ce top d\u00e9bardeur en laine m\u00e9rinos extrafine mise sur un jeu de contrastes \u00e9l\u00e9gant. Sa coupe ajust\u00e9e est rehauss\u00e9e par des finitions bicolores \u00e0 l&#8217;encolure et aux emmanchures, offrant une silhouette moderne et graphique id\u00e9ale pour la mi-saison.<\/p>\n<p>&#8211; Top d\u00e9bardeur en laine m\u00e9rinos certifi\u00e9e RWS<br \/>\n<br \/>&#8211; Bretelles avec lis\u00e9r\u00e9 contrast\u00e9<br \/>\n<br \/>&#8211; Encolure et emmanchures contrast\u00e9es<br \/>\n<br \/>&#8211; Finition bas contrast\u00e9e<br \/>\n<br \/>&#8211; Maille c\u00f4tel\u00e9e<br \/>\n<br \/>&#8211; Coupe slim<br \/>\n<br \/>&#8211; Laine m\u00e9rinos extra fine d&#8217;Australie : respirante et thermor\u00e9gulatrice, elle peut \u00eatre port\u00e9e \u00e9t\u00e9 comme hiver.<\/p>\n","protected":false},"excerpt":{"rendered":"<p>Indispensable du vestiaire estival, ce top d\u00e9bardeur en laine m\u00e9rinos extrafine mise sur un jeu de contrastes \u00e9l\u00e9gant. Sa coupe ajust\u00e9e est rehauss\u00e9e par des finitions bicolores \u00e0 l&#8217;encolure et aux emmanchures, offrant une silhouette moderne et graphique id\u00e9ale pour la mi-saison. &#8211; Top d\u00e9bardeur en laine m\u00e9rinos certifi\u00e9e RWS &#8211; Bretelles avec lis\u00e9r\u00e9 contrast\u00e9 [&hellip;]<\/p>\n","protected":false},"featured_media":3802487,"comment_status":"open","ping_status":"closed","template":"","meta":[],"product_brand":[6868],"product_cat":[],"product_tag":[],"acf":[],"_links":{"self":[{"href":"https:\/\/streetmarkets.fr\/app\/wp-json\/wp\/v2\/product\/3802486"}],"collection":[{"href":"https:\/\/streetmarkets.fr\/app\/wp-json\/wp\/v2\/product"}],"about":[{"href":"https:\/\/streetmarkets.fr\/app\/wp-json\/wp\/v2\/types\/product"}],"replies":[{"embeddable":true,"href":"https:\/\/streetmarkets.fr\/app\/wp-json\/wp\/v2\/comments?post=3802486"}],"wp:featuredmedia":[{"embeddable":true,"href":"https:\/\/streetmarkets.fr\/app\/wp-json\/wp\/v2\/media\/3802487"}],"wp:attachment":[{"href":"https:\/\/streetmarkets.fr\/app\/wp-json\/wp\/v2\/media?parent=3802486"}],"wp:term":[{"taxonomy":"product_brand","embeddable":true,"href":"https:\/\/streetmarkets.fr\/app\/wp-json\/wp\/v2\/product_brand?post=3802486"},{"taxonomy":"product_cat","embeddable":true,"href":"https:\/\/streetmarkets.fr\/app\/wp-json\/wp\/v2\/product_cat?post=3802486"},{"taxonomy":"product_tag","embeddable":true,"href":"https:\/\/streetmarkets.fr\/app\/wp-json\/wp\/v2\/product_tag?post=3802486"}],"curies":[{"name":"wp","href":"https:\/\/api.w.org\/{rel}","templated":true}]}}