{"id":3802427,"date":"2026-03-19T00:56:44","date_gmt":"2026-03-18T23:56:44","guid":{"rendered":"https:\/\/streetmarkets.fr\/app\/produit\/pull-col-v-a-liseres-s26-femme-infinity-pink\/"},"modified":"2026-05-03T01:53:42","modified_gmt":"2026-05-02T23:53:42","slug":"pull-col-v-a-liseres-s26-femme-infinity-pink","status":"publish","type":"product","link":"https:\/\/streetmarkets.fr\/app\/produit\/pull-col-v-a-liseres-s26-femme-infinity-pink\/","title":{"rendered":"Pull Col V \u00e0 Lis\u00e9r\u00e9s (S26 \/ FEMME \/ Infinity Pink)"},"content":{"rendered":"<p>Une allure dynamique et bicolore pour ce pull en cachemire l\u00e9ger au col V soulign\u00e9 de lis\u00e9r\u00e9s contrast\u00e9s. Il se distingue par ses finitions graphiques et sa broderie signature &#8220;FF&#8221; qui apportent une touche moderne \u00e0 votre silhouette.<\/p>\n<p>&#8211; Pull en cachemire l\u00e9ger certifi\u00e9 GCS<br \/>\n<br \/>&#8211; Col V avec lis\u00e9r\u00e9s contrast\u00e9s<br \/>\n<br \/>&#8211; Finitions contrast\u00e9es et broderie logo<br \/>\n<br \/>&#8211; Bords c\u00f4tel\u00e9s<br \/>\n<br \/>&#8211; Coupe regular<br \/>\n<br \/>&#8211; Cachemire 2 fils<br \/>\n<br \/>&#8211; Le Good Cashmere Standard\u00ae (GCS) est une norme ind\u00e9pendante pour un cachemire plus durable et plus responsable. Il vise \u00e0 am\u00e9liorer le bien-\u00eatre des ch\u00e8vres cachemire, les conditions de travail des \u00e9leveurs ainsi qu&#8217;\u00e0 prot\u00e9ger l&#8217;environnement.<\/p>\n","protected":false},"excerpt":{"rendered":"<p>Une allure dynamique et bicolore pour ce pull en cachemire l\u00e9ger au col V soulign\u00e9 de lis\u00e9r\u00e9s contrast\u00e9s. Il se distingue par ses finitions graphiques et sa broderie signature &#8220;FF&#8221; qui apportent une touche moderne \u00e0 votre silhouette. &#8211; Pull en cachemire l\u00e9ger certifi\u00e9 GCS &#8211; Col V avec lis\u00e9r\u00e9s contrast\u00e9s &#8211; Finitions contrast\u00e9es et [&hellip;]<\/p>\n","protected":false},"featured_media":3802428,"comment_status":"open","ping_status":"closed","template":"","meta":[],"product_brand":[6868],"product_cat":[],"product_tag":[],"acf":[],"_links":{"self":[{"href":"https:\/\/streetmarkets.fr\/app\/wp-json\/wp\/v2\/product\/3802427"}],"collection":[{"href":"https:\/\/streetmarkets.fr\/app\/wp-json\/wp\/v2\/product"}],"about":[{"href":"https:\/\/streetmarkets.fr\/app\/wp-json\/wp\/v2\/types\/product"}],"replies":[{"embeddable":true,"href":"https:\/\/streetmarkets.fr\/app\/wp-json\/wp\/v2\/comments?post=3802427"}],"wp:featuredmedia":[{"embeddable":true,"href":"https:\/\/streetmarkets.fr\/app\/wp-json\/wp\/v2\/media\/3802428"}],"wp:attachment":[{"href":"https:\/\/streetmarkets.fr\/app\/wp-json\/wp\/v2\/media?parent=3802427"}],"wp:term":[{"taxonomy":"product_brand","embeddable":true,"href":"https:\/\/streetmarkets.fr\/app\/wp-json\/wp\/v2\/product_brand?post=3802427"},{"taxonomy":"product_cat","embeddable":true,"href":"https:\/\/streetmarkets.fr\/app\/wp-json\/wp\/v2\/product_cat?post=3802427"},{"taxonomy":"product_tag","embeddable":true,"href":"https:\/\/streetmarkets.fr\/app\/wp-json\/wp\/v2\/product_tag?post=3802427"}],"curies":[{"name":"wp","href":"https:\/\/api.w.org\/{rel}","templated":true}]}}