{"id":3802416,"date":"2026-03-19T00:56:43","date_gmt":"2026-03-18T23:56:43","guid":{"rendered":"https:\/\/streetmarkets.fr\/app\/produit\/pull-col-polo-ajoure-coeur-s26-femme-sky-pink\/"},"modified":"2026-05-09T02:20:14","modified_gmt":"2026-05-09T00:20:14","slug":"pull-col-polo-ajoure-coeur-s26-femme-sky-pink","status":"publish","type":"product","link":"https:\/\/streetmarkets.fr\/app\/produit\/pull-col-polo-ajoure-coeur-s26-femme-sky-pink\/","title":{"rendered":"Pull Col Polo Ajour\u00e9 C\u0153ur (S26 \/ FEMME \/ Sky Pink)"},"content":{"rendered":"<p>Une silhouette d\u00e9licate et romantique pour ce pull court en cachemire au col polo \u00e9l\u00e9gant. Il se distingue par son point ajour\u00e9 en forme de c\u0153ur et ses boutons fantaisie d\u00e9pareill\u00e9s qui apportent une touche pr\u00e9cieuse et f\u00e9minine \u00e0 ce basique revisit\u00e9.<\/p>\n<p>&#8211; Pull court en cachemire 2 fils certifi\u00e9 GCS<br \/>\n<br \/>&#8211; Col polo<br \/>\n<br \/>&#8211; Boutons fantaisie d\u00e9pareill\u00e9s<br \/>\n<br \/>&#8211; Point ajour\u00e9 en forme de c\u0153ur<br \/>\n<br \/>&#8211; Coupe slim<br \/>\n<br \/>&#8211; 100% Cachemire 2 fils<br \/>\n<br \/>&#8211; Le Good Cashmere Standard\u00ae (GCS) est une norme ind\u00e9pendante pour un cachemire plus durable et plus responsable. Il vise \u00e0 am\u00e9liorer le bien-\u00eatre des ch\u00e8vres cachemire, les conditions de travail des \u00e9leveurs ainsi qu&#8217;\u00e0 prot\u00e9ger l&#8217;environnement.<\/p>\n","protected":false},"excerpt":{"rendered":"<p>Une silhouette d\u00e9licate et romantique pour ce pull court en cachemire au col polo \u00e9l\u00e9gant. Il se distingue par son point ajour\u00e9 en forme de c\u0153ur et ses boutons fantaisie d\u00e9pareill\u00e9s qui apportent une touche pr\u00e9cieuse et f\u00e9minine \u00e0 ce basique revisit\u00e9. &#8211; Pull court en cachemire 2 fils certifi\u00e9 GCS &#8211; Col polo &#8211; [&hellip;]<\/p>\n","protected":false},"featured_media":3802417,"comment_status":"open","ping_status":"closed","template":"","meta":[],"product_brand":[6868],"product_cat":[],"product_tag":[],"acf":[],"_links":{"self":[{"href":"https:\/\/streetmarkets.fr\/app\/wp-json\/wp\/v2\/product\/3802416"}],"collection":[{"href":"https:\/\/streetmarkets.fr\/app\/wp-json\/wp\/v2\/product"}],"about":[{"href":"https:\/\/streetmarkets.fr\/app\/wp-json\/wp\/v2\/types\/product"}],"replies":[{"embeddable":true,"href":"https:\/\/streetmarkets.fr\/app\/wp-json\/wp\/v2\/comments?post=3802416"}],"wp:featuredmedia":[{"embeddable":true,"href":"https:\/\/streetmarkets.fr\/app\/wp-json\/wp\/v2\/media\/3802417"}],"wp:attachment":[{"href":"https:\/\/streetmarkets.fr\/app\/wp-json\/wp\/v2\/media?parent=3802416"}],"wp:term":[{"taxonomy":"product_brand","embeddable":true,"href":"https:\/\/streetmarkets.fr\/app\/wp-json\/wp\/v2\/product_brand?post=3802416"},{"taxonomy":"product_cat","embeddable":true,"href":"https:\/\/streetmarkets.fr\/app\/wp-json\/wp\/v2\/product_cat?post=3802416"},{"taxonomy":"product_tag","embeddable":true,"href":"https:\/\/streetmarkets.fr\/app\/wp-json\/wp\/v2\/product_tag?post=3802416"}],"curies":[{"name":"wp","href":"https:\/\/api.w.org\/{rel}","templated":true}]}}