{"id":3802403,"date":"2026-03-19T00:56:41","date_gmt":"2026-03-18T23:56:41","guid":{"rendered":"https:\/\/streetmarkets.fr\/app\/produit\/robe-longue-dos-nu-s26-femme-ocean-jacquard\/"},"modified":"2026-05-03T01:53:42","modified_gmt":"2026-05-02T23:53:42","slug":"robe-longue-dos-nu-s26-femme-ocean-jacquard","status":"publish","type":"product","link":"https:\/\/streetmarkets.fr\/app\/produit\/robe-longue-dos-nu-s26-femme-ocean-jacquard\/","title":{"rendered":"Robe Longue Dos Nu (S26 \/ FEMME \/ Ocean Jacquard)"},"content":{"rendered":"<p>Cette robe longue est confectionn\u00e9e en soie avec un tissage jacquard. Elle pr\u00e9sente une coupe ajust\u00e9e et se distingue par son d\u00e9collet\u00e9 prononc\u00e9 \u00e0 l&#8217;avant et dans le dos.<\/p>\n<p>&#8211; Robe longue Dos Nu\u00a0<br \/>&#8211; 100% Soie <br \/>&#8211; Tissage jacquard <br \/>&#8211; D\u00e9collet\u00e9 devant et dos <br \/>&#8211; Coupe slim <br \/>&#8211; Longueur : 136 cm<\/p>\n","protected":false},"excerpt":{"rendered":"<p>Cette robe longue est confectionn\u00e9e en soie avec un tissage jacquard. Elle pr\u00e9sente une coupe ajust\u00e9e et se distingue par son d\u00e9collet\u00e9 prononc\u00e9 \u00e0 l&#8217;avant et dans le dos. &#8211; Robe longue Dos Nu\u00a0&#8211; 100% Soie &#8211; Tissage jacquard &#8211; D\u00e9collet\u00e9 devant et dos &#8211; Coupe slim &#8211; Longueur : 136 cm<\/p>\n","protected":false},"featured_media":3802404,"comment_status":"open","ping_status":"closed","template":"","meta":[],"product_brand":[6868],"product_cat":[],"product_tag":[],"acf":[],"_links":{"self":[{"href":"https:\/\/streetmarkets.fr\/app\/wp-json\/wp\/v2\/product\/3802403"}],"collection":[{"href":"https:\/\/streetmarkets.fr\/app\/wp-json\/wp\/v2\/product"}],"about":[{"href":"https:\/\/streetmarkets.fr\/app\/wp-json\/wp\/v2\/types\/product"}],"replies":[{"embeddable":true,"href":"https:\/\/streetmarkets.fr\/app\/wp-json\/wp\/v2\/comments?post=3802403"}],"wp:featuredmedia":[{"embeddable":true,"href":"https:\/\/streetmarkets.fr\/app\/wp-json\/wp\/v2\/media\/3802404"}],"wp:attachment":[{"href":"https:\/\/streetmarkets.fr\/app\/wp-json\/wp\/v2\/media?parent=3802403"}],"wp:term":[{"taxonomy":"product_brand","embeddable":true,"href":"https:\/\/streetmarkets.fr\/app\/wp-json\/wp\/v2\/product_brand?post=3802403"},{"taxonomy":"product_cat","embeddable":true,"href":"https:\/\/streetmarkets.fr\/app\/wp-json\/wp\/v2\/product_cat?post=3802403"},{"taxonomy":"product_tag","embeddable":true,"href":"https:\/\/streetmarkets.fr\/app\/wp-json\/wp\/v2\/product_tag?post=3802403"}],"curies":[{"name":"wp","href":"https:\/\/api.w.org\/{rel}","templated":true}]}}