{"id":3800513,"date":"2026-03-18T02:58:26","date_gmt":"2026-03-18T01:58:26","guid":{"rendered":"https:\/\/streetmarkets.fr\/app\/produit\/4100053-organic-look-nylon-panama-tc-vest\/"},"modified":"2026-05-06T03:54:46","modified_gmt":"2026-05-06T01:54:46","slug":"4100053-organic-look-nylon-panama-tc-vest","status":"publish","type":"product","link":"https:\/\/streetmarkets.fr\/app\/produit\/4100053-organic-look-nylon-panama-tc-vest\/","title":{"rendered":"4100053 Organic-Look Nylon Panama-TC Vest"},"content":{"rendered":"<ul>\n<li>Organic-Look Nylon Panama-TC<\/li>\n<li>\n\u00a0<span>Veste \u00e0 capuche en tissu Nylon Panama innovant<\/span>\n<\/li>\n<li><span>Con\u00e7ue pour imiter les fibres naturelles tout en offrant plus de l\u00e9g\u00e8ret\u00e9 et de r\u00e9sistance<\/span><\/li>\n<li><span>Poches zipp\u00e9es et poignets \u00e9lastiqu\u00e9s. <\/span><\/li>\n<li><span>Mod\u00e8le teint en pi\u00e8ce.<\/span><\/li>\n<\/ul>\n<p>100% coton\u00a0<\/p>\n<p>L1S154100053 S0069 V009A<\/p>\n","protected":false},"excerpt":{"rendered":"<p>Organic-Look Nylon Panama-TC \u00a0Veste \u00e0 capuche en tissu Nylon Panama innovant Con\u00e7ue pour imiter les fibres naturelles tout en offrant plus de l\u00e9g\u00e8ret\u00e9 et de r\u00e9sistance Poches zipp\u00e9es et poignets \u00e9lastiqu\u00e9s. Mod\u00e8le teint en pi\u00e8ce. 100% coton\u00a0 L1S154100053 S0069 V009A<\/p>\n","protected":false},"featured_media":3800514,"comment_status":"open","ping_status":"closed","template":"","meta":[],"product_brand":[],"product_cat":[],"product_tag":[],"acf":[],"_links":{"self":[{"href":"https:\/\/streetmarkets.fr\/app\/wp-json\/wp\/v2\/product\/3800513"}],"collection":[{"href":"https:\/\/streetmarkets.fr\/app\/wp-json\/wp\/v2\/product"}],"about":[{"href":"https:\/\/streetmarkets.fr\/app\/wp-json\/wp\/v2\/types\/product"}],"replies":[{"embeddable":true,"href":"https:\/\/streetmarkets.fr\/app\/wp-json\/wp\/v2\/comments?post=3800513"}],"wp:featuredmedia":[{"embeddable":true,"href":"https:\/\/streetmarkets.fr\/app\/wp-json\/wp\/v2\/media\/3800514"}],"wp:attachment":[{"href":"https:\/\/streetmarkets.fr\/app\/wp-json\/wp\/v2\/media?parent=3800513"}],"wp:term":[{"taxonomy":"product_brand","embeddable":true,"href":"https:\/\/streetmarkets.fr\/app\/wp-json\/wp\/v2\/product_brand?post=3800513"},{"taxonomy":"product_cat","embeddable":true,"href":"https:\/\/streetmarkets.fr\/app\/wp-json\/wp\/v2\/product_cat?post=3800513"},{"taxonomy":"product_tag","embeddable":true,"href":"https:\/\/streetmarkets.fr\/app\/wp-json\/wp\/v2\/product_tag?post=3800513"}],"curies":[{"name":"wp","href":"https:\/\/api.w.org\/{rel}","templated":true}]}}