{"id":3800494,"date":"2026-03-18T02:58:24","date_gmt":"2026-03-18T01:58:24","guid":{"rendered":"https:\/\/streetmarkets.fr\/app\/produit\/6100034-malfile-fleece-sweatshirt\/"},"modified":"2026-05-10T03:54:56","modified_gmt":"2026-05-10T01:54:56","slug":"6100034-malfile-fleece-sweatshirt","status":"publish","type":"product","link":"https:\/\/streetmarkets.fr\/app\/produit\/6100034-malfile-fleece-sweatshirt\/","title":{"rendered":"6100034 Malfil\u00e9 Fleece Sweatshirt"},"content":{"rendered":"<ul>\n<li>Malfil\u00e9 Fleece &#8220;Old&#8221; Effect<\/li>\n<li><span>Ras-du-cou en molleton de coton flamm\u00e9\u00a0<\/span><\/li>\n<li><span>Effet irr\u00e9gulier avec coutures surjet\u00e9es <\/span><\/li>\n<li><span>Finitions c\u00f4tel\u00e9es. <\/span><\/li>\n<li><span>Mod\u00e8le teint en pi\u00e8ce avec le traitement \u00ab OLD \u00bb <\/span><\/li>\n<li><span>Aspect l\u00e9g\u00e8rement us\u00e9.<\/span><\/li>\n<\/ul>\n<p><span>100% coton\u00a0<\/span><\/p>\n<p><span>L1S156100034 S0060 V0161<\/span><\/p>\n","protected":false},"excerpt":{"rendered":"<p>Malfil\u00e9 Fleece &#8220;Old&#8221; Effect Ras-du-cou en molleton de coton flamm\u00e9\u00a0 Effet irr\u00e9gulier avec coutures surjet\u00e9es Finitions c\u00f4tel\u00e9es. Mod\u00e8le teint en pi\u00e8ce avec le traitement \u00ab OLD \u00bb Aspect l\u00e9g\u00e8rement us\u00e9. 100% coton\u00a0 L1S156100034 S0060 V0161<\/p>\n","protected":false},"featured_media":3800495,"comment_status":"open","ping_status":"closed","template":"","meta":[],"product_brand":[],"product_cat":[],"product_tag":[],"acf":[],"_links":{"self":[{"href":"https:\/\/streetmarkets.fr\/app\/wp-json\/wp\/v2\/product\/3800494"}],"collection":[{"href":"https:\/\/streetmarkets.fr\/app\/wp-json\/wp\/v2\/product"}],"about":[{"href":"https:\/\/streetmarkets.fr\/app\/wp-json\/wp\/v2\/types\/product"}],"replies":[{"embeddable":true,"href":"https:\/\/streetmarkets.fr\/app\/wp-json\/wp\/v2\/comments?post=3800494"}],"wp:featuredmedia":[{"embeddable":true,"href":"https:\/\/streetmarkets.fr\/app\/wp-json\/wp\/v2\/media\/3800495"}],"wp:attachment":[{"href":"https:\/\/streetmarkets.fr\/app\/wp-json\/wp\/v2\/media?parent=3800494"}],"wp:term":[{"taxonomy":"product_brand","embeddable":true,"href":"https:\/\/streetmarkets.fr\/app\/wp-json\/wp\/v2\/product_brand?post=3800494"},{"taxonomy":"product_cat","embeddable":true,"href":"https:\/\/streetmarkets.fr\/app\/wp-json\/wp\/v2\/product_cat?post=3800494"},{"taxonomy":"product_tag","embeddable":true,"href":"https:\/\/streetmarkets.fr\/app\/wp-json\/wp\/v2\/product_tag?post=3800494"}],"curies":[{"name":"wp","href":"https:\/\/api.w.org\/{rel}","templated":true}]}}