{"id":3795181,"date":"2026-03-17T01:45:56","date_gmt":"2026-03-17T00:45:56","guid":{"rendered":"https:\/\/streetmarkets.fr\/app\/produit\/sacoche-terravia-261-w-black\/"},"modified":"2026-05-14T02:48:17","modified_gmt":"2026-05-14T00:48:17","slug":"sacoche-terravia-261-w-black","status":"publish","type":"product","link":"https:\/\/streetmarkets.fr\/app\/produit\/sacoche-terravia-261-w-black\/","title":{"rendered":"Sacoche Terravia (261 \/ W \/ BLACK)"},"content":{"rendered":"<p>Le sac Patagonia Terravia Saccoche est un mod\u00e8le \u00e0 bandouli\u00e8re con\u00e7u dans une mati\u00e8re l\u00e9g\u00e8re et \u00e0 s\u00e9chage rapide, dot\u00e9 de poches faciles d&#8217;acc\u00e8s.<\/p>\n<ul>\n<li>\u00c0 porter sur le devant ou en bandouli\u00e8re<\/li>\n<li>Deux poches fourre-tout frontales en mesh extensible<\/li>\n<li>Se range dans sa propre poche principale pour faciliter le rangement<\/li>\n<li>Capacit\u00e9\u00a0: 3L<\/li>\n<li>Dimensions\u00a0: 25 x 20 x 4 cm<\/li>\n<li>Poids\u00a0: 111 g<\/li>\n<li>Mod\u00e8le\u00a0: 48835<\/li>\n<li>Couleur\u00a0: Noir<\/li>\n<\/ul>\n","protected":false},"excerpt":{"rendered":"<p>Le sac Patagonia Terravia Saccoche est un mod\u00e8le \u00e0 bandouli\u00e8re con\u00e7u dans une mati\u00e8re l\u00e9g\u00e8re et \u00e0 s\u00e9chage rapide, dot\u00e9 de poches faciles d&#8217;acc\u00e8s. \u00c0 porter sur le devant ou en bandouli\u00e8re Deux poches fourre-tout frontales en mesh extensible Se range dans sa propre poche principale pour faciliter le rangement Capacit\u00e9\u00a0: 3L Dimensions\u00a0: 25 x [&hellip;]<\/p>\n","protected":false},"featured_media":4135789,"comment_status":"open","ping_status":"closed","template":"","meta":[],"product_brand":[7133],"product_cat":[],"product_tag":[],"acf":[],"_links":{"self":[{"href":"https:\/\/streetmarkets.fr\/app\/wp-json\/wp\/v2\/product\/3795181"}],"collection":[{"href":"https:\/\/streetmarkets.fr\/app\/wp-json\/wp\/v2\/product"}],"about":[{"href":"https:\/\/streetmarkets.fr\/app\/wp-json\/wp\/v2\/types\/product"}],"replies":[{"embeddable":true,"href":"https:\/\/streetmarkets.fr\/app\/wp-json\/wp\/v2\/comments?post=3795181"}],"wp:featuredmedia":[{"embeddable":true,"href":"https:\/\/streetmarkets.fr\/app\/wp-json\/wp\/v2\/media\/4135789"}],"wp:attachment":[{"href":"https:\/\/streetmarkets.fr\/app\/wp-json\/wp\/v2\/media?parent=3795181"}],"wp:term":[{"taxonomy":"product_brand","embeddable":true,"href":"https:\/\/streetmarkets.fr\/app\/wp-json\/wp\/v2\/product_brand?post=3795181"},{"taxonomy":"product_cat","embeddable":true,"href":"https:\/\/streetmarkets.fr\/app\/wp-json\/wp\/v2\/product_cat?post=3795181"},{"taxonomy":"product_tag","embeddable":true,"href":"https:\/\/streetmarkets.fr\/app\/wp-json\/wp\/v2\/product_tag?post=3795181"}],"curies":[{"name":"wp","href":"https:\/\/api.w.org\/{rel}","templated":true}]}}