{"id":3790461,"date":"2026-03-17T00:59:31","date_gmt":"2026-03-16T23:59:31","guid":{"rendered":"https:\/\/streetmarkets.fr\/app\/produit\/service-works-pantalon-pinstripe-denim-indigo\/"},"modified":"2026-05-11T02:03:16","modified_gmt":"2026-05-11T00:03:16","slug":"service-works-pantalon-pinstripe-denim-indigo","status":"publish","type":"product","link":"https:\/\/streetmarkets.fr\/app\/produit\/service-works-pantalon-pinstripe-denim-indigo\/","title":{"rendered":"SERVICE WORKS Pantalon PINSTRIPE Denim Indigo"},"content":{"rendered":"<p><strong>Cr\u00e9ateur :<\/strong> Service Works<\/p>\n<p><strong>R\u00e9alisation : <\/strong>Coupe ample et confortable, motif stripes<br \/>\n100 % denim de coton<br \/>\nCoupe d\u00e9contract\u00e9e<br \/>\nTaille ajustable par cordon de serrage<br \/>\n4 poches<\/p>\n<p>Marque d\u00e9di\u00e9e au v\u00eatement de travail culinaire, pens\u00e9 et con\u00e7u pour durer.<\/p>\n<p dir=\"ltr\" data-placeholder=\"Traduction\">\n","protected":false},"excerpt":{"rendered":"<p>Cr\u00e9ateur : Service Works R\u00e9alisation : Coupe ample et confortable, motif stripes 100 % denim de coton Coupe d\u00e9contract\u00e9e Taille ajustable par cordon de serrage 4 poches Marque d\u00e9di\u00e9e au v\u00eatement de travail culinaire, pens\u00e9 et con\u00e7u pour durer.<\/p>\n","protected":false},"featured_media":3790462,"comment_status":"open","ping_status":"closed","template":"","meta":[],"product_brand":[],"product_cat":[],"product_tag":[],"acf":[],"_links":{"self":[{"href":"https:\/\/streetmarkets.fr\/app\/wp-json\/wp\/v2\/product\/3790461"}],"collection":[{"href":"https:\/\/streetmarkets.fr\/app\/wp-json\/wp\/v2\/product"}],"about":[{"href":"https:\/\/streetmarkets.fr\/app\/wp-json\/wp\/v2\/types\/product"}],"replies":[{"embeddable":true,"href":"https:\/\/streetmarkets.fr\/app\/wp-json\/wp\/v2\/comments?post=3790461"}],"wp:featuredmedia":[{"embeddable":true,"href":"https:\/\/streetmarkets.fr\/app\/wp-json\/wp\/v2\/media\/3790462"}],"wp:attachment":[{"href":"https:\/\/streetmarkets.fr\/app\/wp-json\/wp\/v2\/media?parent=3790461"}],"wp:term":[{"taxonomy":"product_brand","embeddable":true,"href":"https:\/\/streetmarkets.fr\/app\/wp-json\/wp\/v2\/product_brand?post=3790461"},{"taxonomy":"product_cat","embeddable":true,"href":"https:\/\/streetmarkets.fr\/app\/wp-json\/wp\/v2\/product_cat?post=3790461"},{"taxonomy":"product_tag","embeddable":true,"href":"https:\/\/streetmarkets.fr\/app\/wp-json\/wp\/v2\/product_tag?post=3790461"}],"curies":[{"name":"wp","href":"https:\/\/api.w.org\/{rel}","templated":true}]}}