{"id":3790452,"date":"2026-03-17T00:59:30","date_gmt":"2026-03-16T23:59:30","guid":{"rendered":"https:\/\/streetmarkets.fr\/app\/produit\/service-works-twill-chore-shirt-dark-navy\/"},"modified":"2026-05-10T02:00:34","modified_gmt":"2026-05-10T00:00:34","slug":"service-works-twill-chore-shirt-dark-navy","status":"publish","type":"product","link":"https:\/\/streetmarkets.fr\/app\/produit\/service-works-twill-chore-shirt-dark-navy\/","title":{"rendered":"SERVICE WORKS TWILL Chore Shirt Dark navy"},"content":{"rendered":"<p><strong>Cr\u00e9ateur :<\/strong> Service Works<\/p>\n<p><strong>R\u00e9alisation : <\/strong><span class=\"Y2IQFc\" lang=\"fr\">Twill Chore Shirt \u00a0est une veste workwear \u00e0 coupe regular, col classique, 3 poches plaqu\u00e9es, 5 boutons\u00a0<\/span><\/p>\n<p>Fabriqu\u00e9e en 100% coton<\/p>\n<p><span class=\"Y2IQFc\" lang=\"fr\">Marque d\u00e9di\u00e9e au v\u00eatement de travail culinaire, pens\u00e9 et con\u00e7u pour durer.<\/span><\/p>\n<p dir=\"ltr\" data-placeholder=\"Traduction\">\n","protected":false},"excerpt":{"rendered":"<p>Cr\u00e9ateur : Service Works R\u00e9alisation : Twill Chore Shirt \u00a0est une veste workwear \u00e0 coupe regular, col classique, 3 poches plaqu\u00e9es, 5 boutons\u00a0 Fabriqu\u00e9e en 100% coton Marque d\u00e9di\u00e9e au v\u00eatement de travail culinaire, pens\u00e9 et con\u00e7u pour durer.<\/p>\n","protected":false},"featured_media":3790453,"comment_status":"open","ping_status":"closed","template":"","meta":[],"product_brand":[],"product_cat":[],"product_tag":[],"acf":[],"_links":{"self":[{"href":"https:\/\/streetmarkets.fr\/app\/wp-json\/wp\/v2\/product\/3790452"}],"collection":[{"href":"https:\/\/streetmarkets.fr\/app\/wp-json\/wp\/v2\/product"}],"about":[{"href":"https:\/\/streetmarkets.fr\/app\/wp-json\/wp\/v2\/types\/product"}],"replies":[{"embeddable":true,"href":"https:\/\/streetmarkets.fr\/app\/wp-json\/wp\/v2\/comments?post=3790452"}],"wp:featuredmedia":[{"embeddable":true,"href":"https:\/\/streetmarkets.fr\/app\/wp-json\/wp\/v2\/media\/3790453"}],"wp:attachment":[{"href":"https:\/\/streetmarkets.fr\/app\/wp-json\/wp\/v2\/media?parent=3790452"}],"wp:term":[{"taxonomy":"product_brand","embeddable":true,"href":"https:\/\/streetmarkets.fr\/app\/wp-json\/wp\/v2\/product_brand?post=3790452"},{"taxonomy":"product_cat","embeddable":true,"href":"https:\/\/streetmarkets.fr\/app\/wp-json\/wp\/v2\/product_cat?post=3790452"},{"taxonomy":"product_tag","embeddable":true,"href":"https:\/\/streetmarkets.fr\/app\/wp-json\/wp\/v2\/product_tag?post=3790452"}],"curies":[{"name":"wp","href":"https:\/\/api.w.org\/{rel}","templated":true}]}}