{"id":3790139,"date":"2026-03-16T05:52:29","date_gmt":"2026-03-16T04:52:29","guid":{"rendered":"https:\/\/streetmarkets.fr\/app\/produit\/t-shirt-bialetti-1449\/"},"modified":"2026-03-16T05:52:38","modified_gmt":"2026-03-16T04:52:38","slug":"t-shirt-bialetti-1449","status":"publish","type":"product","link":"https:\/\/streetmarkets.fr\/app\/produit\/t-shirt-bialetti-1449\/","title":{"rendered":"T-Shirt Bialetti 1449"},"content":{"rendered":"<p>Le <strong>T-Shirt Bialetti 1449<\/strong> de <strong>Revolution<\/strong> est un <strong>basique intemporel<\/strong> revisit\u00e9 avec une <strong>touche d\u2019originalit\u00e9 et de durabilit\u00e9<\/strong>. Fabriqu\u00e9 dans un <strong>m\u00e9lange de coton bio<\/strong> en jersey (200 GSM), ce t-shirt allie <strong>confort, l\u00e9g\u00e8ret\u00e9 et respect de l\u2019environnement<\/strong>.<\/p>\n<p>Avec sa <strong>coupe loose<\/strong>, son <strong>col rond c\u00f4tel\u00e9<\/strong> et ses <strong>manches courtes<\/strong>, ce t-shirt est con\u00e7u pour un <strong>port d\u00e9contract\u00e9 et agr\u00e9able<\/strong>. La <strong>petite broderie color\u00e9e<\/strong> repr\u00e9sentant une cafeti\u00e8re Bialetti sur la poitrine apporte une <strong>touche ludique et artistique<\/strong>, tandis que la <strong>finition twin needle<\/strong> sur l\u2019ourlet garantit une <strong>durabilit\u00e9 et une stabilit\u00e9 accrues<\/strong>.<\/p>\n<p><strong>Pourquoi l\u2019adopter ?<\/strong><\/p>\n<ul>\n<li>\n<strong>Mati\u00e8re \u00e9coresponsable<\/strong> : Coton bio pour un <strong>impact environnemental r\u00e9duit<\/strong>.<\/li>\n<li>\n<strong>Confort optimal<\/strong> : Jersey de 200 GSM pour une <strong>douceur et une respirabilit\u00e9 exceptionnelles<\/strong>.<\/li>\n<li>\n<strong>Style unique<\/strong> : Broderie color\u00e9e pour un <strong>look d\u00e9contract\u00e9 et original<\/strong>.<\/li>\n<li>\n<strong>Durabilit\u00e9<\/strong> : Finitions twin needle pour une <strong>long\u00e9vit\u00e9 accrue<\/strong>.<\/li>\n<\/ul>\n<p><strong>Conseils Style :<\/strong><\/p>\n<p><em>Portez ce t-shirt avec un\u00a0<strong>jeans droit<\/strong> et des baskets pour un look <strong>casual chic<\/strong>, ou associez-le \u00e0 un <strong>pantalon cargo<\/strong> pour une tenue <strong>d\u00e9contract\u00e9e et urbaine<\/strong>.\u00a0<\/em><\/p>\n","protected":false},"excerpt":{"rendered":"<p>Le T-Shirt Bialetti 1449 de Revolution est un basique intemporel revisit\u00e9 avec une touche d\u2019originalit\u00e9 et de durabilit\u00e9. Fabriqu\u00e9 dans un m\u00e9lange de coton bio en jersey (200 GSM), ce t-shirt allie confort, l\u00e9g\u00e8ret\u00e9 et respect de l\u2019environnement. Avec sa coupe loose, son col rond c\u00f4tel\u00e9 et ses manches courtes, ce t-shirt est con\u00e7u pour [&hellip;]<\/p>\n","protected":false},"featured_media":3790140,"comment_status":"open","ping_status":"closed","template":"","meta":[],"product_brand":[],"product_cat":[],"product_tag":[],"acf":[],"_links":{"self":[{"href":"https:\/\/streetmarkets.fr\/app\/wp-json\/wp\/v2\/product\/3790139"}],"collection":[{"href":"https:\/\/streetmarkets.fr\/app\/wp-json\/wp\/v2\/product"}],"about":[{"href":"https:\/\/streetmarkets.fr\/app\/wp-json\/wp\/v2\/types\/product"}],"replies":[{"embeddable":true,"href":"https:\/\/streetmarkets.fr\/app\/wp-json\/wp\/v2\/comments?post=3790139"}],"wp:featuredmedia":[{"embeddable":true,"href":"https:\/\/streetmarkets.fr\/app\/wp-json\/wp\/v2\/media\/3790140"}],"wp:attachment":[{"href":"https:\/\/streetmarkets.fr\/app\/wp-json\/wp\/v2\/media?parent=3790139"}],"wp:term":[{"taxonomy":"product_brand","embeddable":true,"href":"https:\/\/streetmarkets.fr\/app\/wp-json\/wp\/v2\/product_brand?post=3790139"},{"taxonomy":"product_cat","embeddable":true,"href":"https:\/\/streetmarkets.fr\/app\/wp-json\/wp\/v2\/product_cat?post=3790139"},{"taxonomy":"product_tag","embeddable":true,"href":"https:\/\/streetmarkets.fr\/app\/wp-json\/wp\/v2\/product_tag?post=3790139"}],"curies":[{"name":"wp","href":"https:\/\/api.w.org\/{rel}","templated":true}]}}