{"id":3789825,"date":"2026-03-16T02:34:25","date_gmt":"2026-03-16T01:34:25","guid":{"rendered":"https:\/\/streetmarkets.fr\/app\/produit\/silhouette-m8020\/"},"modified":"2026-05-07T03:33:44","modified_gmt":"2026-05-07T01:33:44","slug":"silhouette-m8020","status":"publish","type":"product","link":"https:\/\/streetmarkets.fr\/app\/produit\/silhouette-m8020\/","title":{"rendered":"SILHOUETTE &#8211; M8020"},"content":{"rendered":"<\/p>\n<p>Lunettes de soleil Silhouette vintage au design audacieux et sculptural. La large barre sup\u00e9rieure en ac\u00e9tate violet marbr\u00e9 contraste avec la structure m\u00e9tallique dor\u00e9e qui entoure les verres, cr\u00e9ant une silhouette graphique tr\u00e8s marqu\u00e9e. Les verres teint\u00e9s bleut\u00e9s et la construction semi-cercl\u00e9e renforcent l\u2019esth\u00e9tique avant-gardiste typique des mod\u00e8les iconiques de la marque. Une pi\u00e8ce expressive et distinctive, embl\u00e9matique du design vintage des ann\u00e9es 80.<\/p>\n<p style=\"margin-bottom: 15px;font-size: 15px;margin-top: 15px\"><span><br \/><a href=\"https:\/\/calendly.com\/rdv-secondevue\/60minutes\" style=\"text-decoration: underline\"><\/a><\/span><button style=\"color: black;background-color: initial;box-shadow: none;font-size: 20px;text-transform: uppercase;border: none\" class=\"card-header collapsed card-link\" data-toggle=\"collapse\" data-target=\"#collapseOne\"> <b class=\"header-title float-left\" style=\"font-family: Oswald;font-size: 15px;font-style: normal;font-variant: normal;font-weight: 400;line-height: 18.2px;text-align: justify;color: #766456;letter-spacing: 1px\"> Description d\u00e9taill\u00e9e <\/b> <i class=\"fas fa-angle-right float-right\" style=\"position: absolute;right: 10px;color: #766456\"><\/i> <\/button><\/p>\n<div id=\"accordion\">\n<div class=\"card\" style=\"border-top: 1px solid #d3d3d3;border-left: none;border-right: none;border-bottom: 1px solid #d3d3d3\">\n<div id=\"collapseOne\" class=\"collapse\">\n<div class=\"card-body\" style=\"margin-top: -10px\">\n<p style=\"margin-bottom: -3px;font-size: 15px\"><b><br \/>Marque : <\/b> Silhouette<\/p>\n<p style=\"margin-bottom: -3px;font-size: 15px\"><b>Ann\u00e9e: <\/b>1980<\/p>\n<p style=\"margin-bottom: -3px;font-size: 15px\"><b>Forme : <\/b>Masque<\/p>\n<p style=\"margin-bottom: -3px;font-size: 15px\"><b>Couleur : Violet<\/b><\/p>\n<p style=\"margin-bottom: -3px;font-size: 15px\"><b>Mat\u00e9riaux :<\/b> Ac\u00e9tate<\/p>\n<p style=\"margin-bottom: -3px;font-size: 15px\"><b>Verres :<\/b> D\u00e9grad\u00e9 gris \/ violet\u00a0<\/p>\n<p style=\"margin-bottom: -15px;font-size: 15px\"><b>Fabrication : <\/b>Autriche<\/p>\n<p><\/p>\n<p style=\"margin-bottom: -5px;font-size: 15px\"><b>Etat : <\/b>Tr\u00e8s bon \u00e9tat\u00a0<\/p>\n<p><\/p>\n<p style=\"margin-bottom: -5px;font-style: italic;font-size: 15px\">Toutes nos lunettes passent entre les mains de nos opticiens, qui r\u00e9habilitent et ajustent les montures pour un confort optimal.<\/p>\n<\/div>\n<\/div>\n<\/div>\n<div class=\"card\" style=\"border: none;border-bottom: 1px solid #d3d3d3\">\n<button style=\"color: black;background-color: initial;box-shadow: none;font-size: 20px;text-transform: uppercase;border: none\" class=\"card-header collapsed card-link\" data-toggle=\"collapse\" data-target=\"#collapseTwo\"> <b class=\"header-title float-left\" style=\"font-family: Oswald;font-size: 15px;font-style: normal;font-variant: normal;font-weight: 400;line-height: 18.2px;text-align: justify;color: #766456;letter-spacing: 1px\"> <\/b><\/button><\/p>\n<div id=\"collapseTwo\" class=\"collapse\">\n<div class=\"card-body\" style=\"margin-top: -10px\"><\/div>\n<\/div>\n<\/div>\n<div class=\"card\" style=\"border: none;border-bottom: 1px solid #d3d3d3\">\n<button style=\"color: black;background-color: initial;box-shadow: none;font-size: 20px;text-transform: uppercase;border: none\" class=\"card-header collapsed card-link\" data-toggle=\"collapse\" data-target=\"#collapseThree\"> <b class=\"header-title float-left\" style=\"font-family: Oswald;font-size: 15px;font-style: normal;font-variant: normal;font-weight: 400;line-height: 18.2px;text-align: justify;color: #766456;letter-spacing: 1px\"> Guide des tailles<\/b> <i class=\"fas fa-angle-right float-right\" style=\"position: absolute;right: 10px;color: #766456\"><\/i> <\/button><\/p>\n<div id=\"collapseThree\" class=\"collapse\">\n<div class=\"card-body\" style=\"margin-top: -10px\">\n<img decoding=\"async\" src=\"https:\/\/cdn.shopify.com\/s\/files\/1\/0602\/6009\/0089\/files\/MesureLunettesGrosRondPNG.png?v=1636987570\" border=\"0\"> <\/p>\n<p style=\"font-size: 15px;margin-bottom: -5px\"><b>A <\/b>\u00a0&#8211; Face : 150 mm <br \/><b>B <\/b> &#8211; Pont\/Nez : 8 mm <br \/><b>C <\/b>\u00a0&#8211; Calibre : 50 mm<\/p>\n<\/div>\n<\/div>\n<\/div>\n<div class=\"card\" style=\"border: none;border-bottom: 1px solid #d3d3d3\">\n<button style=\"color: black;background-color: initial;box-shadow: none;font-size: 20px;text-transform: uppercase;border: none\" class=\"card-header collapsed card-link\" data-toggle=\"collapse\" data-target=\"#collapseFour\"> <b class=\"header-title float-left\" style=\"font-family: Oswald;font-size: 15px;font-style: normal;font-variant: normal;font-weight: 400;line-height: 18.2px;text-align: justify;color: #766456;letter-spacing: 1px\"> Entretien <\/b> <i class=\"fas fa-angle-right float-right\" style=\"position: absolute;right: 10px;color: #766456\"><\/i> <\/button><\/p>\n<div id=\"collapseFour\" class=\"collapse\">\n<div class=\"card-body\" style=\"margin-top: -10px\">\n<p style=\"font-size: 15px\">&#8211; Nettoyez vos lunettes avec de l&#8217;eau froide (jamais chaude) et du savon liquide et essuyez les avec une microfibre.<\/p>\n<p style=\"font-size: 15px\">&#8211; Rangez vos lunettes dans leur \u00e9tui et ne jamais les poser sur les verres.<\/p>\n<p style=\"font-size: 15px;margin-bottom: -5px\">&#8211; Ne laissez jamais vos lunettes pr\u00e8s d&#8217;une source de chaleur<\/p>\n<\/div>\n<\/div>\n<\/div>\n<\/div>\n<p style=\"font-style: italic;font-size: 15px;margin-top: 10px\">Chaque paire est livr\u00e9e dans un pochon fabriqu\u00e9 en France \u00e0 partir de tissus vintage.<br \/>\n\t$(&#8216;.card-header&#8217;).click(function() {<br \/>\n\t\t$(this).find(&#8216;i&#8217;).toggleClass(&#8216;fas fa-angle-right fas fa-angle-down&#8217;);<br \/>\n\t});<\/p>\n","protected":false},"excerpt":{"rendered":"<p>Lunettes de soleil Silhouette vintage au design audacieux et sculptural. La large barre sup\u00e9rieure en ac\u00e9tate violet marbr\u00e9 contraste avec la structure m\u00e9tallique dor\u00e9e qui entoure les verres, cr\u00e9ant une silhouette graphique tr\u00e8s marqu\u00e9e. Les verres teint\u00e9s bleut\u00e9s et la construction semi-cercl\u00e9e renforcent l\u2019esth\u00e9tique avant-gardiste typique des mod\u00e8les iconiques de la marque. Une pi\u00e8ce expressive [&hellip;]<\/p>\n","protected":false},"featured_media":3789826,"comment_status":"open","ping_status":"closed","template":"","meta":[],"product_brand":[],"product_cat":[],"product_tag":[],"acf":[],"_links":{"self":[{"href":"https:\/\/streetmarkets.fr\/app\/wp-json\/wp\/v2\/product\/3789825"}],"collection":[{"href":"https:\/\/streetmarkets.fr\/app\/wp-json\/wp\/v2\/product"}],"about":[{"href":"https:\/\/streetmarkets.fr\/app\/wp-json\/wp\/v2\/types\/product"}],"replies":[{"embeddable":true,"href":"https:\/\/streetmarkets.fr\/app\/wp-json\/wp\/v2\/comments?post=3789825"}],"wp:featuredmedia":[{"embeddable":true,"href":"https:\/\/streetmarkets.fr\/app\/wp-json\/wp\/v2\/media\/3789826"}],"wp:attachment":[{"href":"https:\/\/streetmarkets.fr\/app\/wp-json\/wp\/v2\/media?parent=3789825"}],"wp:term":[{"taxonomy":"product_brand","embeddable":true,"href":"https:\/\/streetmarkets.fr\/app\/wp-json\/wp\/v2\/product_brand?post=3789825"},{"taxonomy":"product_cat","embeddable":true,"href":"https:\/\/streetmarkets.fr\/app\/wp-json\/wp\/v2\/product_cat?post=3789825"},{"taxonomy":"product_tag","embeddable":true,"href":"https:\/\/streetmarkets.fr\/app\/wp-json\/wp\/v2\/product_tag?post=3789825"}],"curies":[{"name":"wp","href":"https:\/\/api.w.org\/{rel}","templated":true}]}}