{"id":3783558,"date":"2026-03-16T00:14:19","date_gmt":"2026-03-15T23:14:19","guid":{"rendered":"https:\/\/streetmarkets.fr\/app\/produit\/mini-pince-a-cheveux-crabe\/"},"modified":"2026-05-09T01:13:14","modified_gmt":"2026-05-08T23:13:14","slug":"mini-pince-a-cheveux-crabe","status":"publish","type":"product","link":"https:\/\/streetmarkets.fr\/app\/produit\/mini-pince-a-cheveux-crabe\/","title":{"rendered":"Mini-pince \u00e0 cheveux Crabe"},"content":{"rendered":"<div class=\"rte-content\" id=\"product-description-short-41\">\n <a title=\"Collection Coucou Suzette\" href=\"\/collections\/coucou-suzette\"><strong>Collection Coucou Suzette<\/strong><\/a>\n<\/div>\n<div class=\"rte-content\">\n<strong><\/strong>\n<\/div>\n<div class=\"rte-content\">\n<div class=\"rte-content\" id=\"product-description-short-123\">\n<p><span>Un adorable petit crabe pr\u00eat \u00e0 maintenir nos m\u00e8ches de ses petites pinces muscl\u00e9es ! On adore ses couleurs nuanc\u00e9es rouge-orang\u00e9es qui imitent joliment les reflets de sa carapace au soleil. Et pour parfaire cette petite pince pour cheveux, rien de tel que des d\u00e9tails dor\u00e9s et des yeux en strass.<\/span><\/p>\n<div class=\"rte-content\">\n<div id=\"product-description-short-123\" class=\"rte-content\">\n<p>Cette\u00a0pince\u00a0est faite \u00e0 partir d&#8217;Acetate de Cellulose recycl\u00e9e &amp; biod\u00e9gradable (Eco-Friendly).<\/p>\n<ul>\n<li><em><span>Composition : ac\u00e9tate de cellulose<\/span><\/em><\/li>\n<li><em>Chaque cr\u00e9ation est unique, la couleur peut varier l\u00e9g\u00e8rement selon le morceau d&#8217;ac\u00e9tate utilis\u00e9<\/em><\/li>\n<li><em>Type d\u2019attache :<span>\u00a0<\/span>dents en ac\u00e9tate<\/em><\/li>\n<li><em><span>Fabriqu\u00e9e en Chine dans une usine audit\u00e9e<\/span><\/em><\/li>\n<li><em>Conseils d\u2019utilisation : \u00e9viter le contact avec l\u2019eau<\/em><\/li>\n<\/ul>\n<p>Dimensions : environ 4 cm x 3,5 cm<\/p>\n<\/div>\n<\/div>\n<\/div>\n<\/div>\n","protected":false},"excerpt":{"rendered":"<p>Collection Coucou Suzette Un adorable petit crabe pr\u00eat \u00e0 maintenir nos m\u00e8ches de ses petites pinces muscl\u00e9es ! On adore ses couleurs nuanc\u00e9es rouge-orang\u00e9es qui imitent joliment les reflets de sa carapace au soleil. Et pour parfaire cette petite pince pour cheveux, rien de tel que des d\u00e9tails dor\u00e9s et des yeux en strass. Cette\u00a0pince\u00a0est [&hellip;]<\/p>\n","protected":false},"featured_media":3783559,"comment_status":"open","ping_status":"closed","template":"","meta":[],"product_brand":[],"product_cat":[],"product_tag":[],"acf":[],"_links":{"self":[{"href":"https:\/\/streetmarkets.fr\/app\/wp-json\/wp\/v2\/product\/3783558"}],"collection":[{"href":"https:\/\/streetmarkets.fr\/app\/wp-json\/wp\/v2\/product"}],"about":[{"href":"https:\/\/streetmarkets.fr\/app\/wp-json\/wp\/v2\/types\/product"}],"replies":[{"embeddable":true,"href":"https:\/\/streetmarkets.fr\/app\/wp-json\/wp\/v2\/comments?post=3783558"}],"wp:featuredmedia":[{"embeddable":true,"href":"https:\/\/streetmarkets.fr\/app\/wp-json\/wp\/v2\/media\/3783559"}],"wp:attachment":[{"href":"https:\/\/streetmarkets.fr\/app\/wp-json\/wp\/v2\/media?parent=3783558"}],"wp:term":[{"taxonomy":"product_brand","embeddable":true,"href":"https:\/\/streetmarkets.fr\/app\/wp-json\/wp\/v2\/product_brand?post=3783558"},{"taxonomy":"product_cat","embeddable":true,"href":"https:\/\/streetmarkets.fr\/app\/wp-json\/wp\/v2\/product_cat?post=3783558"},{"taxonomy":"product_tag","embeddable":true,"href":"https:\/\/streetmarkets.fr\/app\/wp-json\/wp\/v2\/product_tag?post=3783558"}],"curies":[{"name":"wp","href":"https:\/\/api.w.org\/{rel}","templated":true}]}}