{"id":3783147,"date":"2026-03-15T07:40:44","date_gmt":"2026-03-15T06:40:44","guid":{"rendered":"https:\/\/streetmarkets.fr\/app\/produit\/blouse-chiara-ecru-belle-piece\/"},"modified":"2026-05-12T08:40:18","modified_gmt":"2026-05-12T06:40:18","slug":"blouse-chiara-ecru-belle-piece","status":"publish","type":"product","link":"https:\/\/streetmarkets.fr\/app\/produit\/blouse-chiara-ecru-belle-piece\/","title":{"rendered":"Blouse Chiara \u00e9cru &#8211; Belle Piece"},"content":{"rendered":"<p><span>\u00a0<\/span>Blouse en coton avec relief damier coloris \u00e9cru<br \/>&#8211; Manches bouffantes<br \/>&#8211; Encolure smok\u00e9e<br \/>&#8211; Ouverture patte de boutonnage cach\u00e9e devant<\/p>\n<p>Conseil taille : prendre une taille en dessous de votre taille habituelle<\/p>\n<p><span>100% Coton<\/span><br \/>Fabriqu\u00e9 en Inde<\/p>\n<p>\u00a0<\/p>\n","protected":false},"excerpt":{"rendered":"<p>\u00a0Blouse en coton avec relief damier coloris \u00e9cru&#8211; Manches bouffantes&#8211; Encolure smok\u00e9e&#8211; Ouverture patte de boutonnage cach\u00e9e devant Conseil taille : prendre une taille en dessous de votre taille habituelle 100% CotonFabriqu\u00e9 en Inde \u00a0<\/p>\n","protected":false},"featured_media":3783148,"comment_status":"open","ping_status":"closed","template":"","meta":[],"product_brand":[],"product_cat":[],"product_tag":[],"acf":[],"_links":{"self":[{"href":"https:\/\/streetmarkets.fr\/app\/wp-json\/wp\/v2\/product\/3783147"}],"collection":[{"href":"https:\/\/streetmarkets.fr\/app\/wp-json\/wp\/v2\/product"}],"about":[{"href":"https:\/\/streetmarkets.fr\/app\/wp-json\/wp\/v2\/types\/product"}],"replies":[{"embeddable":true,"href":"https:\/\/streetmarkets.fr\/app\/wp-json\/wp\/v2\/comments?post=3783147"}],"wp:featuredmedia":[{"embeddable":true,"href":"https:\/\/streetmarkets.fr\/app\/wp-json\/wp\/v2\/media\/3783148"}],"wp:attachment":[{"href":"https:\/\/streetmarkets.fr\/app\/wp-json\/wp\/v2\/media?parent=3783147"}],"wp:term":[{"taxonomy":"product_brand","embeddable":true,"href":"https:\/\/streetmarkets.fr\/app\/wp-json\/wp\/v2\/product_brand?post=3783147"},{"taxonomy":"product_cat","embeddable":true,"href":"https:\/\/streetmarkets.fr\/app\/wp-json\/wp\/v2\/product_cat?post=3783147"},{"taxonomy":"product_tag","embeddable":true,"href":"https:\/\/streetmarkets.fr\/app\/wp-json\/wp\/v2\/product_tag?post=3783147"}],"curies":[{"name":"wp","href":"https:\/\/api.w.org\/{rel}","templated":true}]}}