{"id":3777693,"date":"2026-03-14T01:42:11","date_gmt":"2026-03-14T00:42:11","guid":{"rendered":"https:\/\/streetmarkets.fr\/app\/produit\/sandales-mules-en-cuir-tresse-261-w-brown\/"},"modified":"2026-05-06T02:46:49","modified_gmt":"2026-05-06T00:46:49","slug":"sandales-mules-en-cuir-tresse-261-w-brown","status":"publish","type":"product","link":"https:\/\/streetmarkets.fr\/app\/produit\/sandales-mules-en-cuir-tresse-261-w-brown\/","title":{"rendered":"Sandales Mule en Cuir Tress\u00e9 (261 \/ W \/ BROWN)"},"content":{"rendered":"<p>Les sandales Mule de Dragon Diffusion sont dot\u00e9es d&#8217;une tige en cuir italien tress\u00e9 \u00e0 la main, d&#8217;une doublure en cuir et d&#8217;une semelle int\u00e9rieure en li\u00e8ge.<\/p>\n<ul>\n<li>Taille normalement<\/li>\n<li>Mod\u00e8le\u00a0: 5110<\/li>\n<li>Couleur\u00a0: Tan \u00e0 bords noirs<\/li>\n<\/ul>\n","protected":false},"excerpt":{"rendered":"<p>Les sandales Mule de Dragon Diffusion sont dot\u00e9es d&#8217;une tige en cuir italien tress\u00e9 \u00e0 la main, d&#8217;une doublure en cuir et d&#8217;une semelle int\u00e9rieure en li\u00e8ge. Taille normalement Mod\u00e8le\u00a0: 5110 Couleur\u00a0: Tan \u00e0 bords noirs<\/p>\n","protected":false},"featured_media":4091745,"comment_status":"open","ping_status":"closed","template":"","meta":[],"product_brand":[],"product_cat":[],"product_tag":[],"acf":[],"_links":{"self":[{"href":"https:\/\/streetmarkets.fr\/app\/wp-json\/wp\/v2\/product\/3777693"}],"collection":[{"href":"https:\/\/streetmarkets.fr\/app\/wp-json\/wp\/v2\/product"}],"about":[{"href":"https:\/\/streetmarkets.fr\/app\/wp-json\/wp\/v2\/types\/product"}],"replies":[{"embeddable":true,"href":"https:\/\/streetmarkets.fr\/app\/wp-json\/wp\/v2\/comments?post=3777693"}],"wp:featuredmedia":[{"embeddable":true,"href":"https:\/\/streetmarkets.fr\/app\/wp-json\/wp\/v2\/media\/4091745"}],"wp:attachment":[{"href":"https:\/\/streetmarkets.fr\/app\/wp-json\/wp\/v2\/media?parent=3777693"}],"wp:term":[{"taxonomy":"product_brand","embeddable":true,"href":"https:\/\/streetmarkets.fr\/app\/wp-json\/wp\/v2\/product_brand?post=3777693"},{"taxonomy":"product_cat","embeddable":true,"href":"https:\/\/streetmarkets.fr\/app\/wp-json\/wp\/v2\/product_cat?post=3777693"},{"taxonomy":"product_tag","embeddable":true,"href":"https:\/\/streetmarkets.fr\/app\/wp-json\/wp\/v2\/product_tag?post=3777693"}],"curies":[{"name":"wp","href":"https:\/\/api.w.org\/{rel}","templated":true}]}}