{"id":3777643,"date":"2026-03-14T01:42:06","date_gmt":"2026-03-14T00:42:06","guid":{"rendered":"https:\/\/streetmarkets.fr\/app\/produit\/sandales-croisees-en-cuir-261-w-brown\/"},"modified":"2026-05-15T02:48:59","modified_gmt":"2026-05-15T00:48:59","slug":"sandales-croisees-en-cuir-261-w-brown","status":"publish","type":"product","link":"https:\/\/streetmarkets.fr\/app\/produit\/sandales-croisees-en-cuir-261-w-brown\/","title":{"rendered":"Sandales Crois\u00e9es en Cuir (261 \/ W \/ BROWN)"},"content":{"rendered":"<p>Les sandales Cross Leather de Dragon Diffusion sont dot\u00e9es d&#8217;une tige et d&#8217;une doublure en cuir italien haut de gamme, ainsi que d&#8217;une semelle int\u00e9rieure rembourr\u00e9e.<\/p>\n<ul>\n<li>Taille normalement<\/li>\n<li>Mod\u00e8le\u00a0: 5111<\/li>\n<li>Couleur\u00a0: Fauve \u00e0 bords noirs<\/li>\n<\/ul>\n","protected":false},"excerpt":{"rendered":"<p>Les sandales Cross Leather de Dragon Diffusion sont dot\u00e9es d&#8217;une tige et d&#8217;une doublure en cuir italien haut de gamme, ainsi que d&#8217;une semelle int\u00e9rieure rembourr\u00e9e. Taille normalement Mod\u00e8le\u00a0: 5111 Couleur\u00a0: Fauve \u00e0 bords noirs<\/p>\n","protected":false},"featured_media":4141613,"comment_status":"open","ping_status":"closed","template":"","meta":[],"product_brand":[],"product_cat":[],"product_tag":[],"acf":[],"_links":{"self":[{"href":"https:\/\/streetmarkets.fr\/app\/wp-json\/wp\/v2\/product\/3777643"}],"collection":[{"href":"https:\/\/streetmarkets.fr\/app\/wp-json\/wp\/v2\/product"}],"about":[{"href":"https:\/\/streetmarkets.fr\/app\/wp-json\/wp\/v2\/types\/product"}],"replies":[{"embeddable":true,"href":"https:\/\/streetmarkets.fr\/app\/wp-json\/wp\/v2\/comments?post=3777643"}],"wp:featuredmedia":[{"embeddable":true,"href":"https:\/\/streetmarkets.fr\/app\/wp-json\/wp\/v2\/media\/4141613"}],"wp:attachment":[{"href":"https:\/\/streetmarkets.fr\/app\/wp-json\/wp\/v2\/media?parent=3777643"}],"wp:term":[{"taxonomy":"product_brand","embeddable":true,"href":"https:\/\/streetmarkets.fr\/app\/wp-json\/wp\/v2\/product_brand?post=3777643"},{"taxonomy":"product_cat","embeddable":true,"href":"https:\/\/streetmarkets.fr\/app\/wp-json\/wp\/v2\/product_cat?post=3777643"},{"taxonomy":"product_tag","embeddable":true,"href":"https:\/\/streetmarkets.fr\/app\/wp-json\/wp\/v2\/product_tag?post=3777643"}],"curies":[{"name":"wp","href":"https:\/\/api.w.org\/{rel}","templated":true}]}}