{"id":3771312,"date":"2026-03-14T01:04:01","date_gmt":"2026-03-14T00:04:01","guid":{"rendered":"https:\/\/streetmarkets.fr\/app\/produit\/nouveau-bellepiece-blouse-alexa-ecru\/"},"modified":"2026-05-11T02:04:10","modified_gmt":"2026-05-11T00:04:10","slug":"nouveau-bellepiece-blouse-alexa-ecru","status":"publish","type":"product","link":"https:\/\/streetmarkets.fr\/app\/produit\/nouveau-bellepiece-blouse-alexa-ecru\/","title":{"rendered":"Nouveau ! BELLEPIECE Blouse Alexa Ecru"},"content":{"rendered":"<p data-rte-preserve-empty=\"true\">Blouse en coton ray\u00e9, coupe ample, boutonn\u00e9e sur toute la hauteur, manches longues et poignets resserr\u00e9s, emmanchure large, col chemise et poche plaqu\u00e9e sur le devant. <\/p>\n<p data-rte-preserve-empty=\"true\">D\u00e9tail : 100% coton <\/p>\n","protected":false},"excerpt":{"rendered":"<p>Blouse en coton ray\u00e9, coupe ample, boutonn\u00e9e sur toute la hauteur, manches longues et poignets resserr\u00e9s, emmanchure large, col chemise et poche plaqu\u00e9e sur le devant. D\u00e9tail : 100% coton<\/p>\n","protected":false},"featured_media":3771313,"comment_status":"open","ping_status":"closed","template":"","meta":[],"product_brand":[],"product_cat":[],"product_tag":[],"acf":[],"_links":{"self":[{"href":"https:\/\/streetmarkets.fr\/app\/wp-json\/wp\/v2\/product\/3771312"}],"collection":[{"href":"https:\/\/streetmarkets.fr\/app\/wp-json\/wp\/v2\/product"}],"about":[{"href":"https:\/\/streetmarkets.fr\/app\/wp-json\/wp\/v2\/types\/product"}],"replies":[{"embeddable":true,"href":"https:\/\/streetmarkets.fr\/app\/wp-json\/wp\/v2\/comments?post=3771312"}],"wp:featuredmedia":[{"embeddable":true,"href":"https:\/\/streetmarkets.fr\/app\/wp-json\/wp\/v2\/media\/3771313"}],"wp:attachment":[{"href":"https:\/\/streetmarkets.fr\/app\/wp-json\/wp\/v2\/media?parent=3771312"}],"wp:term":[{"taxonomy":"product_brand","embeddable":true,"href":"https:\/\/streetmarkets.fr\/app\/wp-json\/wp\/v2\/product_brand?post=3771312"},{"taxonomy":"product_cat","embeddable":true,"href":"https:\/\/streetmarkets.fr\/app\/wp-json\/wp\/v2\/product_cat?post=3771312"},{"taxonomy":"product_tag","embeddable":true,"href":"https:\/\/streetmarkets.fr\/app\/wp-json\/wp\/v2\/product_tag?post=3771312"}],"curies":[{"name":"wp","href":"https:\/\/api.w.org\/{rel}","templated":true}]}}