{"id":3771029,"date":"2026-03-14T00:45:57","date_gmt":"2026-03-13T23:45:57","guid":{"rendered":"https:\/\/streetmarkets.fr\/app\/produit\/bracelet-bleu-ciel-orange-et-dore-en-perles-nepalaises\/"},"modified":"2026-05-09T01:44:56","modified_gmt":"2026-05-08T23:44:56","slug":"bracelet-bleu-ciel-orange-et-dore-en-perles-nepalaises","status":"publish","type":"product","link":"https:\/\/streetmarkets.fr\/app\/produit\/bracelet-bleu-ciel-orange-et-dore-en-perles-nepalaises\/","title":{"rendered":"Bracelet bleu ciel, orange et dor\u00e9 en perles n\u00e9palaises"},"content":{"rendered":"<ul>\n<li>bracelet en perles de verre<\/li>\n<li><strong>bleu orange et dor\u00e9\u00a0<\/strong><\/li>\n<li>facile \u00e0 mettre en s&#8217;enroulant autour du poignet<\/li>\n<li>fait \u00e0 la main dans un atelier de <strong>commerce \u00e9quitable<\/strong>\u00a0au N\u00e9pal\u00a0<\/li>\n<li>disponible dans d&#8217;autres coloris\u00a0<\/li>\n<li>marque fran\u00e7aise <strong>Maison Kizo<\/strong>\n<\/li>\n<\/ul>\n","protected":false},"excerpt":{"rendered":"<p>bracelet en perles de verre bleu orange et dor\u00e9\u00a0 facile \u00e0 mettre en s&#8217;enroulant autour du poignet fait \u00e0 la main dans un atelier de commerce \u00e9quitable\u00a0au N\u00e9pal\u00a0 disponible dans d&#8217;autres coloris\u00a0 marque fran\u00e7aise Maison Kizo<\/p>\n","protected":false},"featured_media":3771030,"comment_status":"open","ping_status":"closed","template":"","meta":[],"product_brand":[],"product_cat":[],"product_tag":[],"acf":[],"_links":{"self":[{"href":"https:\/\/streetmarkets.fr\/app\/wp-json\/wp\/v2\/product\/3771029"}],"collection":[{"href":"https:\/\/streetmarkets.fr\/app\/wp-json\/wp\/v2\/product"}],"about":[{"href":"https:\/\/streetmarkets.fr\/app\/wp-json\/wp\/v2\/types\/product"}],"replies":[{"embeddable":true,"href":"https:\/\/streetmarkets.fr\/app\/wp-json\/wp\/v2\/comments?post=3771029"}],"wp:featuredmedia":[{"embeddable":true,"href":"https:\/\/streetmarkets.fr\/app\/wp-json\/wp\/v2\/media\/3771030"}],"wp:attachment":[{"href":"https:\/\/streetmarkets.fr\/app\/wp-json\/wp\/v2\/media?parent=3771029"}],"wp:term":[{"taxonomy":"product_brand","embeddable":true,"href":"https:\/\/streetmarkets.fr\/app\/wp-json\/wp\/v2\/product_brand?post=3771029"},{"taxonomy":"product_cat","embeddable":true,"href":"https:\/\/streetmarkets.fr\/app\/wp-json\/wp\/v2\/product_cat?post=3771029"},{"taxonomy":"product_tag","embeddable":true,"href":"https:\/\/streetmarkets.fr\/app\/wp-json\/wp\/v2\/product_tag?post=3771029"}],"curies":[{"name":"wp","href":"https:\/\/api.w.org\/{rel}","templated":true}]}}