{"id":3770896,"date":"2026-03-14T00:20:35","date_gmt":"2026-03-13T23:20:35","guid":{"rendered":"https:\/\/streetmarkets.fr\/app\/produit\/chaussettes-nakameguro-champagne\/"},"modified":"2026-05-09T01:18:23","modified_gmt":"2026-05-08T23:18:23","slug":"chaussettes-nakameguro-champagne","status":"publish","type":"product","link":"https:\/\/streetmarkets.fr\/app\/produit\/chaussettes-nakameguro-champagne\/","title":{"rendered":"Chaussettes Nakameguro Champagne"},"content":{"rendered":"<p class=\"p1\"><a href=\"https:\/\/frenchtouche.com\/collections\/atelier-st-eustache\" title=\"Collection Atelier St Eustache\"><span><strong>Collection Atelier St Eustache<\/strong><\/span><\/a><\/p>\n<div>\n<div>\n <span>Agr\u00e9ment\u00e9e de d\u00e9licates paillettes dor\u00e9e, cette paire est i<\/span><span>nspir\u00e9e des p\u00e9tales de cerisiers\u00a0du\u00a0canal de Nakameguro. Elles s&#8217;assortiront \u00e0 merveille avec une robe d&#8217;\u00e9t\u00e9 ou un pantalon en lin.\u00a0<\/span>\n<\/div>\n<p>\n<\/div>\n<div style=\"text-align: center\">\n<div style=\"text-align: left\">\n<ul>\n<li>Composition<span>\u00a0<\/span>: 97% polyamide, 3% polyester<\/li>\n<li>Guide des tailles<span>\u00a0<\/span>: si vous chaussez du 38,5 nous vous recommandons de prendre la taille 39\/41<\/li>\n<li>Conseils d&#8217;entretien : lavable en machine \u00e0 30\u00b0 avec un programme d\u00e9licat et utilisation d&#8217;un pochon <span>recommand\u00e9e<\/span>\n<\/li>\n<li><span>Ne pas mettre au s\u00e8che-linge<\/span><\/li>\n<li>Livr\u00e9es dans leur pochette r\u00e9utilisable et recyclable<\/li>\n<\/ul>\n<\/div>\n<\/div>\n<div style=\"text-align: left\">:: Imagin\u00e9es en France, fabriqu\u00e9es en Italie ::<\/div>\n","protected":false},"excerpt":{"rendered":"<p>Collection Atelier St Eustache Agr\u00e9ment\u00e9e de d\u00e9licates paillettes dor\u00e9e, cette paire est inspir\u00e9e des p\u00e9tales de cerisiers\u00a0du\u00a0canal de Nakameguro. Elles s&#8217;assortiront \u00e0 merveille avec une robe d&#8217;\u00e9t\u00e9 ou un pantalon en lin.\u00a0 Composition\u00a0: 97% polyamide, 3% polyester Guide des tailles\u00a0: si vous chaussez du 38,5 nous vous recommandons de prendre la taille 39\/41 Conseils d&#8217;entretien [&hellip;]<\/p>\n","protected":false},"featured_media":3770897,"comment_status":"open","ping_status":"closed","template":"","meta":[],"product_brand":[],"product_cat":[],"product_tag":[],"acf":[],"_links":{"self":[{"href":"https:\/\/streetmarkets.fr\/app\/wp-json\/wp\/v2\/product\/3770896"}],"collection":[{"href":"https:\/\/streetmarkets.fr\/app\/wp-json\/wp\/v2\/product"}],"about":[{"href":"https:\/\/streetmarkets.fr\/app\/wp-json\/wp\/v2\/types\/product"}],"replies":[{"embeddable":true,"href":"https:\/\/streetmarkets.fr\/app\/wp-json\/wp\/v2\/comments?post=3770896"}],"wp:featuredmedia":[{"embeddable":true,"href":"https:\/\/streetmarkets.fr\/app\/wp-json\/wp\/v2\/media\/3770897"}],"wp:attachment":[{"href":"https:\/\/streetmarkets.fr\/app\/wp-json\/wp\/v2\/media?parent=3770896"}],"wp:term":[{"taxonomy":"product_brand","embeddable":true,"href":"https:\/\/streetmarkets.fr\/app\/wp-json\/wp\/v2\/product_brand?post=3770896"},{"taxonomy":"product_cat","embeddable":true,"href":"https:\/\/streetmarkets.fr\/app\/wp-json\/wp\/v2\/product_cat?post=3770896"},{"taxonomy":"product_tag","embeddable":true,"href":"https:\/\/streetmarkets.fr\/app\/wp-json\/wp\/v2\/product_tag?post=3770896"}],"curies":[{"name":"wp","href":"https:\/\/api.w.org\/{rel}","templated":true}]}}