{"id":3770883,"date":"2026-03-14T00:20:35","date_gmt":"2026-03-13T23:20:35","guid":{"rendered":"https:\/\/streetmarkets.fr\/app\/produit\/chaussettes-horseshoe-bend-prune\/"},"modified":"2026-05-16T01:18:23","modified_gmt":"2026-05-15T23:18:23","slug":"chaussettes-horseshoe-bend-prune","status":"publish","type":"product","link":"https:\/\/streetmarkets.fr\/app\/produit\/chaussettes-horseshoe-bend-prune\/","title":{"rendered":"Chaussettes Horseshoe Bend Prune"},"content":{"rendered":"<p class=\"p1\"><a title=\"Collection Atelier St Eustache\" href=\"https:\/\/frenchtouche.com\/collections\/atelier-st-eustache\"><span><strong>Collection Atelier St Eustache<\/strong><\/span><\/a><\/p>\n<div>\n<div>\n  <span>Tout en transparence, ces chaussettes au style l\u00e9opard donnent un effet tendance \u00e0 vos tenues. C\u00f4t\u00e9 look, ses \u00e9l\u00e9gantes teintes de violet, marron, bleu clair et ocre apporteront un style chic et audacieux \u00e0 vos tenues. \u00c0 porter par exemple avec un pantalon en lin ou en coton et des chaussures marrons. Le tout pour un effet wow garanti !<\/span>\n<\/div>\n<p>\n<\/div>\n<div style=\"text-align: center\">\n<div style=\"text-align: left\">\n<ul>\n<li>Composition<span>\u00a0<\/span>: 100% polyamide<\/li>\n<li>Guide des tailles<span>\u00a0<\/span>: si vous chaussez du 38,5 nous vous recommandons de prendre la taille 39\/41<\/li>\n<li>Conseils d&#8217;entretien : lavable en machine \u00e0 30\u00b0 avec un programme d\u00e9licat et utilisation d&#8217;un pochon <span>recommand\u00e9e<\/span>\n<\/li>\n<li><span>Ne pas mettre au s\u00e8che-linge<\/span><\/li>\n<li>Livr\u00e9es dans leur pochette r\u00e9utilisable et recyclable<\/li>\n<\/ul>\n<\/div>\n<\/div>\n<div style=\"text-align: left\">:: Imagin\u00e9es en France, fabriqu\u00e9es en Italie ::<\/div>\n","protected":false},"excerpt":{"rendered":"<p>Collection Atelier St Eustache Tout en transparence, ces chaussettes au style l\u00e9opard donnent un effet tendance \u00e0 vos tenues. C\u00f4t\u00e9 look, ses \u00e9l\u00e9gantes teintes de violet, marron, bleu clair et ocre apporteront un style chic et audacieux \u00e0 vos tenues. \u00c0 porter par exemple avec un pantalon en lin ou en coton et des chaussures [&hellip;]<\/p>\n","protected":false},"featured_media":3770884,"comment_status":"open","ping_status":"closed","template":"","meta":[],"product_brand":[],"product_cat":[],"product_tag":[],"acf":[],"_links":{"self":[{"href":"https:\/\/streetmarkets.fr\/app\/wp-json\/wp\/v2\/product\/3770883"}],"collection":[{"href":"https:\/\/streetmarkets.fr\/app\/wp-json\/wp\/v2\/product"}],"about":[{"href":"https:\/\/streetmarkets.fr\/app\/wp-json\/wp\/v2\/types\/product"}],"replies":[{"embeddable":true,"href":"https:\/\/streetmarkets.fr\/app\/wp-json\/wp\/v2\/comments?post=3770883"}],"wp:featuredmedia":[{"embeddable":true,"href":"https:\/\/streetmarkets.fr\/app\/wp-json\/wp\/v2\/media\/3770884"}],"wp:attachment":[{"href":"https:\/\/streetmarkets.fr\/app\/wp-json\/wp\/v2\/media?parent=3770883"}],"wp:term":[{"taxonomy":"product_brand","embeddable":true,"href":"https:\/\/streetmarkets.fr\/app\/wp-json\/wp\/v2\/product_brand?post=3770883"},{"taxonomy":"product_cat","embeddable":true,"href":"https:\/\/streetmarkets.fr\/app\/wp-json\/wp\/v2\/product_cat?post=3770883"},{"taxonomy":"product_tag","embeddable":true,"href":"https:\/\/streetmarkets.fr\/app\/wp-json\/wp\/v2\/product_tag?post=3770883"}],"curies":[{"name":"wp","href":"https:\/\/api.w.org\/{rel}","templated":true}]}}