{"id":3770776,"date":"2026-03-14T00:20:29","date_gmt":"2026-03-13T23:20:29","guid":{"rendered":"https:\/\/streetmarkets.fr\/app\/produit\/pins-pellicule\/"},"modified":"2026-05-04T01:28:15","modified_gmt":"2026-05-03T23:28:15","slug":"pins-pellicule","status":"publish","type":"product","link":"https:\/\/streetmarkets.fr\/app\/produit\/pins-pellicule\/","title":{"rendered":"Pin&#8217;s Pellicule"},"content":{"rendered":"<div id=\"product-description-short-41\" class=\"rte-content\">\n<a href=\"https:\/\/frenchtouche.com\/collections\/make-heads-turn\" title=\"Collection Make Heads Turn\"><strong>Collection Make Heads Turn<\/strong><\/a>\n<\/div>\n<div class=\"rte-content\">\n<strong><\/strong>\n<\/div>\n<div class=\"rte-content\">\n<p>Une belle collection de pin&#8217;s r\u00e9aliste et color\u00e9, l&#8217;accessoire id\u00e9al pour compl\u00e9ter votre tenue du quotidien et apporter la touche finale \u00e0 votre look !<\/p>\n<ul>\n<li>Composition : laiton et \u00e9mail color\u00e9<\/li>\n<li>Dimensions : 3 x 2 cm\n<\/li>\n<li>Fermoir papillon\n<\/li>\n<li>Carte personnalis\u00e9e<\/li>\n<\/ul>\n<\/div>\n","protected":false},"excerpt":{"rendered":"<p>Collection Make Heads Turn Une belle collection de pin&#8217;s r\u00e9aliste et color\u00e9, l&#8217;accessoire id\u00e9al pour compl\u00e9ter votre tenue du quotidien et apporter la touche finale \u00e0 votre look ! Composition : laiton et \u00e9mail color\u00e9 Dimensions : 3 x 2 cm Fermoir papillon Carte personnalis\u00e9e<\/p>\n","protected":false},"featured_media":3770777,"comment_status":"open","ping_status":"closed","template":"","meta":[],"product_brand":[],"product_cat":[],"product_tag":[],"acf":[],"_links":{"self":[{"href":"https:\/\/streetmarkets.fr\/app\/wp-json\/wp\/v2\/product\/3770776"}],"collection":[{"href":"https:\/\/streetmarkets.fr\/app\/wp-json\/wp\/v2\/product"}],"about":[{"href":"https:\/\/streetmarkets.fr\/app\/wp-json\/wp\/v2\/types\/product"}],"replies":[{"embeddable":true,"href":"https:\/\/streetmarkets.fr\/app\/wp-json\/wp\/v2\/comments?post=3770776"}],"wp:featuredmedia":[{"embeddable":true,"href":"https:\/\/streetmarkets.fr\/app\/wp-json\/wp\/v2\/media\/3770777"}],"wp:attachment":[{"href":"https:\/\/streetmarkets.fr\/app\/wp-json\/wp\/v2\/media?parent=3770776"}],"wp:term":[{"taxonomy":"product_brand","embeddable":true,"href":"https:\/\/streetmarkets.fr\/app\/wp-json\/wp\/v2\/product_brand?post=3770776"},{"taxonomy":"product_cat","embeddable":true,"href":"https:\/\/streetmarkets.fr\/app\/wp-json\/wp\/v2\/product_cat?post=3770776"},{"taxonomy":"product_tag","embeddable":true,"href":"https:\/\/streetmarkets.fr\/app\/wp-json\/wp\/v2\/product_tag?post=3770776"}],"curies":[{"name":"wp","href":"https:\/\/api.w.org\/{rel}","templated":true}]}}