{"id":3770711,"date":"2026-03-14T00:20:25","date_gmt":"2026-03-13T23:20:25","guid":{"rendered":"https:\/\/streetmarkets.fr\/app\/produit\/pins-coeur-rouge-2\/"},"modified":"2026-05-11T01:18:06","modified_gmt":"2026-05-10T23:18:06","slug":"pins-coeur-rouge-2","status":"publish","type":"product","link":"https:\/\/streetmarkets.fr\/app\/produit\/pins-coeur-rouge-2\/","title":{"rendered":"Pin&#8217;s Coeur Rouge"},"content":{"rendered":"<div id=\"product-description-short-41\" class=\"rte-content\">\n<a href=\"https:\/\/frenchtouche.com\/collections\/make-heads-turn\" title=\"Collection Make Heads Turn\"><strong>Collection Make Heads Turn<\/strong><\/a>\n<\/div>\n<div class=\"rte-content\">\n<strong><\/strong>\n<\/div>\n<div class=\"rte-content\">\n<p>Une belle collection de pin&#8217;s r\u00e9aliste et color\u00e9, l&#8217;accessoire id\u00e9al pour compl\u00e9ter votre tenue du quotidien et apporter la touche finale \u00e0 votre look !<\/p>\n<ul>\n<li>Composition : laiton et \u00e9mail color\u00e9<\/li>\n<li>Dimensions : 1,5 x 1,3 cm\n<\/li>\n<li>Fermoir papillon\n<\/li>\n<li>Carte personnalis\u00e9e<\/li>\n<\/ul>\n<\/div>\n","protected":false},"excerpt":{"rendered":"<p>Collection Make Heads Turn Une belle collection de pin&#8217;s r\u00e9aliste et color\u00e9, l&#8217;accessoire id\u00e9al pour compl\u00e9ter votre tenue du quotidien et apporter la touche finale \u00e0 votre look ! Composition : laiton et \u00e9mail color\u00e9 Dimensions : 1,5 x 1,3 cm Fermoir papillon Carte personnalis\u00e9e<\/p>\n","protected":false},"featured_media":3770712,"comment_status":"open","ping_status":"closed","template":"","meta":[],"product_brand":[],"product_cat":[],"product_tag":[],"acf":[],"_links":{"self":[{"href":"https:\/\/streetmarkets.fr\/app\/wp-json\/wp\/v2\/product\/3770711"}],"collection":[{"href":"https:\/\/streetmarkets.fr\/app\/wp-json\/wp\/v2\/product"}],"about":[{"href":"https:\/\/streetmarkets.fr\/app\/wp-json\/wp\/v2\/types\/product"}],"replies":[{"embeddable":true,"href":"https:\/\/streetmarkets.fr\/app\/wp-json\/wp\/v2\/comments?post=3770711"}],"wp:featuredmedia":[{"embeddable":true,"href":"https:\/\/streetmarkets.fr\/app\/wp-json\/wp\/v2\/media\/3770712"}],"wp:attachment":[{"href":"https:\/\/streetmarkets.fr\/app\/wp-json\/wp\/v2\/media?parent=3770711"}],"wp:term":[{"taxonomy":"product_brand","embeddable":true,"href":"https:\/\/streetmarkets.fr\/app\/wp-json\/wp\/v2\/product_brand?post=3770711"},{"taxonomy":"product_cat","embeddable":true,"href":"https:\/\/streetmarkets.fr\/app\/wp-json\/wp\/v2\/product_cat?post=3770711"},{"taxonomy":"product_tag","embeddable":true,"href":"https:\/\/streetmarkets.fr\/app\/wp-json\/wp\/v2\/product_tag?post=3770711"}],"curies":[{"name":"wp","href":"https:\/\/api.w.org\/{rel}","templated":true}]}}