{"id":3770515,"date":"2026-03-13T07:40:27","date_gmt":"2026-03-13T06:40:27","guid":{"rendered":"https:\/\/streetmarkets.fr\/app\/produit\/collier-billy-bohemian-rhapsodie\/"},"modified":"2026-05-08T08:40:16","modified_gmt":"2026-05-08T06:40:16","slug":"collier-billy-bohemian-rhapsodie","status":"publish","type":"product","link":"https:\/\/streetmarkets.fr\/app\/produit\/collier-billy-bohemian-rhapsodie\/","title":{"rendered":"Collier Billy &#8211; Bohemian Rhapsodie"},"content":{"rendered":"<p data-rte-preserve-empty=\"true\"><span>BILLY est en Ivoire v\u00e9g\u00e9tal, bois d\u2019\u00e9b\u00e8ne et plaqu\u00e9 or 5 microns.<\/span><\/p>\n<p data-rte-preserve-empty=\"true\"><span>Mesure :\u00a0 42cm<\/span><\/p>\n","protected":false},"excerpt":{"rendered":"<p>BILLY est en Ivoire v\u00e9g\u00e9tal, bois d\u2019\u00e9b\u00e8ne et plaqu\u00e9 or 5 microns. Mesure :\u00a0 42cm<\/p>\n","protected":false},"featured_media":3770516,"comment_status":"open","ping_status":"closed","template":"","meta":[],"product_brand":[],"product_cat":[],"product_tag":[],"acf":[],"_links":{"self":[{"href":"https:\/\/streetmarkets.fr\/app\/wp-json\/wp\/v2\/product\/3770515"}],"collection":[{"href":"https:\/\/streetmarkets.fr\/app\/wp-json\/wp\/v2\/product"}],"about":[{"href":"https:\/\/streetmarkets.fr\/app\/wp-json\/wp\/v2\/types\/product"}],"replies":[{"embeddable":true,"href":"https:\/\/streetmarkets.fr\/app\/wp-json\/wp\/v2\/comments?post=3770515"}],"wp:featuredmedia":[{"embeddable":true,"href":"https:\/\/streetmarkets.fr\/app\/wp-json\/wp\/v2\/media\/3770516"}],"wp:attachment":[{"href":"https:\/\/streetmarkets.fr\/app\/wp-json\/wp\/v2\/media?parent=3770515"}],"wp:term":[{"taxonomy":"product_brand","embeddable":true,"href":"https:\/\/streetmarkets.fr\/app\/wp-json\/wp\/v2\/product_brand?post=3770515"},{"taxonomy":"product_cat","embeddable":true,"href":"https:\/\/streetmarkets.fr\/app\/wp-json\/wp\/v2\/product_cat?post=3770515"},{"taxonomy":"product_tag","embeddable":true,"href":"https:\/\/streetmarkets.fr\/app\/wp-json\/wp\/v2\/product_tag?post=3770515"}],"curies":[{"name":"wp","href":"https:\/\/api.w.org\/{rel}","templated":true}]}}