{"id":3770503,"date":"2026-03-13T07:40:25","date_gmt":"2026-03-13T06:40:25","guid":{"rendered":"https:\/\/streetmarkets.fr\/app\/produit\/collier-joe-bohemian-rhapsodie\/"},"modified":"2026-05-17T08:39:41","modified_gmt":"2026-05-17T06:39:41","slug":"collier-joe-bohemian-rhapsodie","status":"publish","type":"product","link":"https:\/\/streetmarkets.fr\/app\/produit\/collier-joe-bohemian-rhapsodie\/","title":{"rendered":"Collier Joe &#8211; Bohemian Rhapsodie"},"content":{"rendered":"<p data-rte-preserve-empty=\"true\">Le collier JOE est tout en Bois d\u2019\u00e9b\u00e8ne, corail et plaqu\u00e9 or 5 microns.<\/p>\n<p data-rte-preserve-empty=\"true\"><span>L&#8217;\u00e9b\u00e8ne est un bois aux nombreuses vertus. C\u2019est notamment l\u2019un des meilleurs pour se prot\u00e9ger des personnes et des \u00e9nergies n\u00e9gatives.<\/span><\/p>\n<p class=\"\" data-rte-preserve-empty=\"true\"><span>Il est pr\u00e9f\u00e9rable de ne pas mettre ce bijou, compos\u00e9 de bois d\u2019\u00e9b\u00e8ne, sous l\u2019eau.<\/span><\/p>\n<p data-rte-preserve-empty=\"true\">Mesure : 40cm<\/p>\n","protected":false},"excerpt":{"rendered":"<p>Le collier JOE est tout en Bois d\u2019\u00e9b\u00e8ne, corail et plaqu\u00e9 or 5 microns. L&#8217;\u00e9b\u00e8ne est un bois aux nombreuses vertus. C\u2019est notamment l\u2019un des meilleurs pour se prot\u00e9ger des personnes et des \u00e9nergies n\u00e9gatives. Il est pr\u00e9f\u00e9rable de ne pas mettre ce bijou, compos\u00e9 de bois d\u2019\u00e9b\u00e8ne, sous l\u2019eau. Mesure : 40cm<\/p>\n","protected":false},"featured_media":3770504,"comment_status":"open","ping_status":"closed","template":"","meta":[],"product_brand":[],"product_cat":[],"product_tag":[],"acf":[],"_links":{"self":[{"href":"https:\/\/streetmarkets.fr\/app\/wp-json\/wp\/v2\/product\/3770503"}],"collection":[{"href":"https:\/\/streetmarkets.fr\/app\/wp-json\/wp\/v2\/product"}],"about":[{"href":"https:\/\/streetmarkets.fr\/app\/wp-json\/wp\/v2\/types\/product"}],"replies":[{"embeddable":true,"href":"https:\/\/streetmarkets.fr\/app\/wp-json\/wp\/v2\/comments?post=3770503"}],"wp:featuredmedia":[{"embeddable":true,"href":"https:\/\/streetmarkets.fr\/app\/wp-json\/wp\/v2\/media\/3770504"}],"wp:attachment":[{"href":"https:\/\/streetmarkets.fr\/app\/wp-json\/wp\/v2\/media?parent=3770503"}],"wp:term":[{"taxonomy":"product_brand","embeddable":true,"href":"https:\/\/streetmarkets.fr\/app\/wp-json\/wp\/v2\/product_brand?post=3770503"},{"taxonomy":"product_cat","embeddable":true,"href":"https:\/\/streetmarkets.fr\/app\/wp-json\/wp\/v2\/product_cat?post=3770503"},{"taxonomy":"product_tag","embeddable":true,"href":"https:\/\/streetmarkets.fr\/app\/wp-json\/wp\/v2\/product_tag?post=3770503"}],"curies":[{"name":"wp","href":"https:\/\/api.w.org\/{rel}","templated":true}]}}