{"id":3766669,"date":"2026-03-12T23:59:18","date_gmt":"2026-03-12T22:59:18","guid":{"rendered":"https:\/\/streetmarkets.fr\/app\/produit\/mono-boucle-juliette\/"},"modified":"2026-05-08T00:59:11","modified_gmt":"2026-05-07T22:59:11","slug":"mono-boucle-juliette","status":"publish","type":"product","link":"https:\/\/streetmarkets.fr\/app\/produit\/mono-boucle-juliette\/","title":{"rendered":"Mono-Boucle Juliette"},"content":{"rendered":"<p data-start=\"0\" data-end=\"88\">Mono-Boucle Juliette : Notre courbe pr\u00e9cieuse pour habiller l\u2019oreille en couleur !\u00a0<br \/>Avec Juliette, on sort des paires classiques pour aller chercher une pi\u00e8ce qui habille le lobe \u00e0 elle seule. Une mono-boucle pens\u00e9e comme une bague d\u2019oreille, qui suit la courbe naturelle de l\u2019oreille depuis l\u2019int\u00e9rieur jusqu\u2019au lobe, pour un rendu \u00e0 la fois structur\u00e9 et ultra travaill\u00e9.<\/p>\n<p data-start=\"382\" data-end=\"660\">Sa tige courb\u00e9e est enti\u00e8rement sertie d\u2019une rang\u00e9e de zircons blancs, rythm\u00e9e par cinq zircons verts \u00e9meraude plac\u00e9s tous les trois zircons blancs. Ce jeu d\u2019alternance cr\u00e9e un contraste d\u00e9licat, mais bien visible, qui donne du relief au bijou sans le surcharger.<\/p>\n<p data-start=\"662\" data-end=\"967\">Fabriqu\u00e9e en France, en plaqu\u00e9 or 3 microns, elle coche toutes les cases c\u00f4t\u00e9 qualit\u00e9 : r\u00e9sistance \u00e0 l\u2019eau, tenue dans le temps, ne noircit pas et reste confortable au port\u00e9 gr\u00e2ce \u00e0 sa conception hypoallerg\u00e9nique.\u00a0<\/p>\n<p data-start=\"969\" data-end=\"1301\">Une mono-boucle pr\u00e9cieuse :<br data-start=\"991\" data-end=\"994\">\u2022 Pour sa forme courb\u00e9e fa\u00e7on bague d\u2019oreille qui habille tout le lobe.<br data-start=\"1064\" data-end=\"1067\">\u2022 Pour l\u2019alternance de zircons blancs et verts \u00e9meraude.<br data-start=\"1122\" data-end=\"1125\">\u2022 Pour son sertissage complet qui donne du rythme au bijou.<br data-start=\"1183\" data-end=\"1186\" data-is-only-node=\"\">\u2022 Pour son plaqu\u00e9 or 3 microns r\u00e9sistant \u00e0 l\u2019eau.<br data-start=\"1234\" data-end=\"1237\">\u2022 Pour sa fabrication fran\u00e7aise et sa qualit\u00e9 hypoallerg\u00e9nique.<\/p>\n<p data-start=\"1303\" data-end=\"1419\" data-is-last-node=\"\" data-is-only-node=\"\"><\/p>\n","protected":false},"excerpt":{"rendered":"<p>Mono-Boucle Juliette : Notre courbe pr\u00e9cieuse pour habiller l\u2019oreille en couleur !\u00a0Avec Juliette, on sort des paires classiques pour aller chercher une pi\u00e8ce qui habille le lobe \u00e0 elle seule. Une mono-boucle pens\u00e9e comme une bague d\u2019oreille, qui suit la courbe naturelle de l\u2019oreille depuis l\u2019int\u00e9rieur jusqu\u2019au lobe, pour un rendu \u00e0 la fois structur\u00e9 [&hellip;]<\/p>\n","protected":false},"featured_media":3766670,"comment_status":"open","ping_status":"closed","template":"","meta":[],"product_brand":[],"product_cat":[],"product_tag":[],"acf":[],"_links":{"self":[{"href":"https:\/\/streetmarkets.fr\/app\/wp-json\/wp\/v2\/product\/3766669"}],"collection":[{"href":"https:\/\/streetmarkets.fr\/app\/wp-json\/wp\/v2\/product"}],"about":[{"href":"https:\/\/streetmarkets.fr\/app\/wp-json\/wp\/v2\/types\/product"}],"replies":[{"embeddable":true,"href":"https:\/\/streetmarkets.fr\/app\/wp-json\/wp\/v2\/comments?post=3766669"}],"wp:featuredmedia":[{"embeddable":true,"href":"https:\/\/streetmarkets.fr\/app\/wp-json\/wp\/v2\/media\/3766670"}],"wp:attachment":[{"href":"https:\/\/streetmarkets.fr\/app\/wp-json\/wp\/v2\/media?parent=3766669"}],"wp:term":[{"taxonomy":"product_brand","embeddable":true,"href":"https:\/\/streetmarkets.fr\/app\/wp-json\/wp\/v2\/product_brand?post=3766669"},{"taxonomy":"product_cat","embeddable":true,"href":"https:\/\/streetmarkets.fr\/app\/wp-json\/wp\/v2\/product_cat?post=3766669"},{"taxonomy":"product_tag","embeddable":true,"href":"https:\/\/streetmarkets.fr\/app\/wp-json\/wp\/v2\/product_tag?post=3766669"}],"curies":[{"name":"wp","href":"https:\/\/api.w.org\/{rel}","templated":true}]}}