{"id":3761465,"date":"2026-03-12T00:41:51","date_gmt":"2026-03-11T23:41:51","guid":{"rendered":"https:\/\/streetmarkets.fr\/app\/produit\/baskets-echo-lila-grey-apple-vegan-moea\/"},"modified":"2026-05-02T01:41:26","modified_gmt":"2026-05-01T23:41:26","slug":"baskets-echo-lila-grey-apple-vegan-moea","status":"publish","type":"product","link":"https:\/\/streetmarkets.fr\/app\/produit\/baskets-echo-lila-grey-apple-vegan-moea\/","title":{"rendered":"Baskets ECHO LILA Grey Apple vegan &#8211; MOEA"},"content":{"rendered":"<p data-rte-preserve-empty=\"true\">Les baskets ECHO LILA Grey Apple de MOEA incarnent une nouvelle g\u00e9n\u00e9ration de sneakers \u00e9coresponsables. <\/p>\n<p data-rte-preserve-empty=\"true\">Inspir\u00e9es de l\u2019esth\u00e9tique basketball des ann\u00e9es 80, elles combinent une silhouette r\u00e9tro affirm\u00e9e avec une approche innovante de la fabrication durable. Au lieu d\u2019utiliser du cuir animal, la marque privil\u00e9gie des mati\u00e8res v\u00e9g\u00e9tales et recycl\u00e9es comme l\u2019AppleSkin (issue de d\u00e9chets de pomme), le bio-PU \u00e0 base de ma\u00efs et des fibres recycl\u00e9es. <\/p>\n<p data-rte-preserve-empty=\"true\">Le r\u00e9sultat : une sneaker au design dynamique, riche en textures et parfaitement adapt\u00e9e au style urbain contemporain. Sa semelle \u00e9paisse mais l\u00e9g\u00e8re assure confort et maintien au quotidien. <\/p>\n<p data-rte-preserve-empty=\"true\">Fabriqu\u00e9es \u00e0 la main \u00e0 Porto, ces baskets sont certifi\u00e9es v\u00e9ganes par PETA et The Vegan Society, garantissant une production sans cruaut\u00e9 animale. Gr\u00e2ce \u00e0 leurs mat\u00e9riaux alternatifs, elles pr\u00e9sentent \u00e9galement une empreinte carbone nettement inf\u00e9rieure \u00e0 celle du cuir traditionnel. <\/p>\n<p data-rte-preserve-empty=\"true\">Une sneaker r\u00e9tro cool et engag\u00e9e, s\u00e9lectionn\u00e9e par Twins Concept Store.<\/p>\n<p data-rte-preserve-empty=\"true\"><strong>Caract\u00e9ristiques principales :<\/strong><\/p>\n<ul data-rte-list=\"default\">\n<li>\n<p data-rte-preserve-empty=\"true\">Sneakers inspir\u00e9es du basketball des ann\u00e9es 80<\/p>\n<\/li>\n<li>\n<p data-rte-preserve-empty=\"true\">Design r\u00e9tro urbain avec m\u00e9lange de textures<\/p>\n<\/li>\n<li>\n<p data-rte-preserve-empty=\"true\">Fabrication artisanale au Portugal (Porto)<\/p>\n<\/li>\n<li>\n<p data-rte-preserve-empty=\"true\">Semelle \u00e9paisse et l\u00e9g\u00e8re pour plus de confort<\/p>\n<\/li>\n<li>\n<p data-rte-preserve-empty=\"true\">Mati\u00e8res v\u00e9g\u00e9tales et recycl\u00e9es<\/p>\n<\/li>\n<li>\n<p data-rte-preserve-empty=\"true\">Mod\u00e8le \u00e0 faible empreinte carbone<\/p>\n<\/li>\n<\/ul>\n","protected":false},"excerpt":{"rendered":"<p>Les baskets ECHO LILA Grey Apple de MOEA incarnent une nouvelle g\u00e9n\u00e9ration de sneakers \u00e9coresponsables. Inspir\u00e9es de l\u2019esth\u00e9tique basketball des ann\u00e9es 80, elles combinent une silhouette r\u00e9tro affirm\u00e9e avec une approche innovante de la fabrication durable. Au lieu d\u2019utiliser du cuir animal, la marque privil\u00e9gie des mati\u00e8res v\u00e9g\u00e9tales et recycl\u00e9es comme l\u2019AppleSkin (issue de d\u00e9chets [&hellip;]<\/p>\n","protected":false},"featured_media":3761466,"comment_status":"open","ping_status":"closed","template":"","meta":[],"product_brand":[],"product_cat":[],"product_tag":[],"acf":[],"_links":{"self":[{"href":"https:\/\/streetmarkets.fr\/app\/wp-json\/wp\/v2\/product\/3761465"}],"collection":[{"href":"https:\/\/streetmarkets.fr\/app\/wp-json\/wp\/v2\/product"}],"about":[{"href":"https:\/\/streetmarkets.fr\/app\/wp-json\/wp\/v2\/types\/product"}],"replies":[{"embeddable":true,"href":"https:\/\/streetmarkets.fr\/app\/wp-json\/wp\/v2\/comments?post=3761465"}],"wp:featuredmedia":[{"embeddable":true,"href":"https:\/\/streetmarkets.fr\/app\/wp-json\/wp\/v2\/media\/3761466"}],"wp:attachment":[{"href":"https:\/\/streetmarkets.fr\/app\/wp-json\/wp\/v2\/media?parent=3761465"}],"wp:term":[{"taxonomy":"product_brand","embeddable":true,"href":"https:\/\/streetmarkets.fr\/app\/wp-json\/wp\/v2\/product_brand?post=3761465"},{"taxonomy":"product_cat","embeddable":true,"href":"https:\/\/streetmarkets.fr\/app\/wp-json\/wp\/v2\/product_cat?post=3761465"},{"taxonomy":"product_tag","embeddable":true,"href":"https:\/\/streetmarkets.fr\/app\/wp-json\/wp\/v2\/product_tag?post=3761465"}],"curies":[{"name":"wp","href":"https:\/\/api.w.org\/{rel}","templated":true}]}}