{"id":3755909,"date":"2026-03-11T00:22:29","date_gmt":"2026-03-10T23:22:29","guid":{"rendered":"https:\/\/streetmarkets.fr\/app\/produit\/carre-dete-822-indigo\/"},"modified":"2026-05-06T01:18:47","modified_gmt":"2026-05-05T23:18:47","slug":"carre-dete-822-indigo","status":"publish","type":"product","link":"https:\/\/streetmarkets.fr\/app\/produit\/carre-dete-822-indigo\/","title":{"rendered":"Carr\u00e9 d&#8217;\u00c9t\u00e9 822 Indigo"},"content":{"rendered":"<p><a href=\"\/collections\/moismont\" title=\"Collection Moismont\"><strong>Collection Moismont<\/strong><\/a><\/p>\n<p><span>Le foulard n\u00b0822 capte la lumi\u00e8re \u00e0 travers un d\u00e9grad\u00e9 de grands carreaux r\u00e9alis\u00e9s selon la technique traditionnelle du <em>shibori<\/em>. Chaque foulard est nou\u00e9 sur des blocs de bois avant teinture : le tissu absorbe la couleur partout sauf l\u00e0 o\u00f9 il est en contact avec le bois, rendant chaque pi\u00e8ce unique. Ce carr\u00e9 de 90 x 90\u202fcm en coton r\u00e9v\u00e8le des nuances profondes et vibrantes, fa\u00e7onn\u00e9es par le geste de la main et le temps. Chaque pli et chaque contraste rappelle le myst\u00e8re des min\u00e9raux, leur intensit\u00e9 silencieuse et leur beaut\u00e9 transmise de g\u00e9n\u00e9ration en g\u00e9n\u00e9ration<\/span><\/p>\n<ul>\n<li>\n<span>Dimensions : 90<\/span><span> x 90 cm<\/span>\n<\/li>\n<li>\n<span>Composition : 100% coton<\/span><\/p>\n<\/li>\n<li>Technique shibori traditionnelle, teinture artisanale\n<\/li>\n<li>Motifs uniques, tricolores<\/li>\n<li><span>Dessin\u00e9 en France<br \/><\/span><\/li>\n<li>\n<span>Fabriqu\u00e9 de mani\u00e8re artisanale en Inde<\/span><span><br \/><\/span>\n<\/li>\n<li><span>Le foulard peut comporter quelques irr\u00e9gularit\u00e9s qui font tout le charme de sa conception artisanale.<\/span><\/li>\n<\/ul>\n<p><span> <em>Le coton est une fibre naturelle qui n\u00e9cessite un entretien simple. Pour pr\u00e9server votre foulard, lavez-le \u00e0 30\u00b0C maximum avec des couleurs similaires. Blanchiment d\u00e9conseill\u00e9. S\u00e9chage \u00e0 l\u2019air libre et repassage doux max 110\u00b0.<\/em><\/span><\/p>\n","protected":false},"excerpt":{"rendered":"<p>Collection Moismont Le foulard n\u00b0822 capte la lumi\u00e8re \u00e0 travers un d\u00e9grad\u00e9 de grands carreaux r\u00e9alis\u00e9s selon la technique traditionnelle du shibori. Chaque foulard est nou\u00e9 sur des blocs de bois avant teinture : le tissu absorbe la couleur partout sauf l\u00e0 o\u00f9 il est en contact avec le bois, rendant chaque pi\u00e8ce unique. Ce [&hellip;]<\/p>\n","protected":false},"featured_media":3755910,"comment_status":"open","ping_status":"closed","template":"","meta":[],"product_brand":[],"product_cat":[],"product_tag":[],"acf":[],"_links":{"self":[{"href":"https:\/\/streetmarkets.fr\/app\/wp-json\/wp\/v2\/product\/3755909"}],"collection":[{"href":"https:\/\/streetmarkets.fr\/app\/wp-json\/wp\/v2\/product"}],"about":[{"href":"https:\/\/streetmarkets.fr\/app\/wp-json\/wp\/v2\/types\/product"}],"replies":[{"embeddable":true,"href":"https:\/\/streetmarkets.fr\/app\/wp-json\/wp\/v2\/comments?post=3755909"}],"wp:featuredmedia":[{"embeddable":true,"href":"https:\/\/streetmarkets.fr\/app\/wp-json\/wp\/v2\/media\/3755910"}],"wp:attachment":[{"href":"https:\/\/streetmarkets.fr\/app\/wp-json\/wp\/v2\/media?parent=3755909"}],"wp:term":[{"taxonomy":"product_brand","embeddable":true,"href":"https:\/\/streetmarkets.fr\/app\/wp-json\/wp\/v2\/product_brand?post=3755909"},{"taxonomy":"product_cat","embeddable":true,"href":"https:\/\/streetmarkets.fr\/app\/wp-json\/wp\/v2\/product_cat?post=3755909"},{"taxonomy":"product_tag","embeddable":true,"href":"https:\/\/streetmarkets.fr\/app\/wp-json\/wp\/v2\/product_tag?post=3755909"}],"curies":[{"name":"wp","href":"https:\/\/api.w.org\/{rel}","templated":true}]}}