{"id":3755894,"date":"2026-03-11T00:22:27","date_gmt":"2026-03-10T23:22:27","guid":{"rendered":"https:\/\/streetmarkets.fr\/app\/produit\/carre-dete-817-tulip\/"},"modified":"2026-05-11T01:17:56","modified_gmt":"2026-05-10T23:17:56","slug":"carre-dete-817-tulip","status":"publish","type":"product","link":"https:\/\/streetmarkets.fr\/app\/produit\/carre-dete-817-tulip\/","title":{"rendered":"Carr\u00e9 d&#8217;\u00c9t\u00e9 817 Tulip"},"content":{"rendered":"<p><a href=\"\/collections\/moismont\" title=\"Collection Moismont\"><strong>Collection Moismont<\/strong><\/a><\/p>\n<p>Le foulard n\u00b0817 joue avec la lumi\u00e8re et la couleur \u00e0 travers un motif de carreaux d\u00e9licats. Tiss\u00e9 \u00e0 la main dans un coton l\u00e9ger et naturel, il d\u00e9voile des nuances vibrantes qui prennent toute leur dimension. Ce carr\u00e9 70 \u00d7 70 cm, orn\u00e9 de fines franges, t\u00e9moigne du savoir-faire artisanal. Sa mati\u00e8re, naturellement douce, s\u2019adoucit encore davantage avec le temps, pour se nouer autour du cou ou dans les cheveux avec l\u00e9g\u00e8ret\u00e9.<\/p>\n<ul>\n<li>\n<span>Dimensions : 70<\/span><span> x 70 cm<\/span>\n<\/li>\n<li>\n<span>Composition : 100% coton<\/span>\n<\/li>\n<li>Finitions bords petites franges\n<\/li>\n<li><span>Dessin\u00e9 en France<br \/><\/span><\/li>\n<li>\n<span>Fabriqu\u00e9 de mani\u00e8re artisanale en Inde<\/span><span><br \/><\/span>\n<\/li>\n<li><span>Le foulard peut comporter quelques irr\u00e9gularit\u00e9s qui font tout le charme de sa conception artisanale.<\/span><\/li>\n<\/ul>\n<p><span> <em>Le coton est une fibre naturelle qui n\u00e9cessite un entretien simple. Pour pr\u00e9server votre foulard, lavez-le \u00e0 30\u00b0C maximum avec des couleurs similaires. Blanchiment d\u00e9conseill\u00e9. S\u00e9chage \u00e0 l\u2019air libre et repassage doux max 110\u00b0.<\/em><\/span><\/p>\n","protected":false},"excerpt":{"rendered":"<p>Collection Moismont Le foulard n\u00b0817 joue avec la lumi\u00e8re et la couleur \u00e0 travers un motif de carreaux d\u00e9licats. Tiss\u00e9 \u00e0 la main dans un coton l\u00e9ger et naturel, il d\u00e9voile des nuances vibrantes qui prennent toute leur dimension. Ce carr\u00e9 70 \u00d7 70 cm, orn\u00e9 de fines franges, t\u00e9moigne du savoir-faire artisanal. Sa mati\u00e8re, [&hellip;]<\/p>\n","protected":false},"featured_media":3755895,"comment_status":"open","ping_status":"closed","template":"","meta":[],"product_brand":[],"product_cat":[],"product_tag":[],"acf":[],"_links":{"self":[{"href":"https:\/\/streetmarkets.fr\/app\/wp-json\/wp\/v2\/product\/3755894"}],"collection":[{"href":"https:\/\/streetmarkets.fr\/app\/wp-json\/wp\/v2\/product"}],"about":[{"href":"https:\/\/streetmarkets.fr\/app\/wp-json\/wp\/v2\/types\/product"}],"replies":[{"embeddable":true,"href":"https:\/\/streetmarkets.fr\/app\/wp-json\/wp\/v2\/comments?post=3755894"}],"wp:featuredmedia":[{"embeddable":true,"href":"https:\/\/streetmarkets.fr\/app\/wp-json\/wp\/v2\/media\/3755895"}],"wp:attachment":[{"href":"https:\/\/streetmarkets.fr\/app\/wp-json\/wp\/v2\/media?parent=3755894"}],"wp:term":[{"taxonomy":"product_brand","embeddable":true,"href":"https:\/\/streetmarkets.fr\/app\/wp-json\/wp\/v2\/product_brand?post=3755894"},{"taxonomy":"product_cat","embeddable":true,"href":"https:\/\/streetmarkets.fr\/app\/wp-json\/wp\/v2\/product_cat?post=3755894"},{"taxonomy":"product_tag","embeddable":true,"href":"https:\/\/streetmarkets.fr\/app\/wp-json\/wp\/v2\/product_tag?post=3755894"}],"curies":[{"name":"wp","href":"https:\/\/api.w.org\/{rel}","templated":true}]}}